{"id":8983,"date":"2025-02-27T11:53:49","date_gmt":"2025-02-27T10:53:49","guid":{"rendered":"https:\/\/www.camping-lamarmotte.com\/?page_id=8983"},"modified":"2026-03-05T11:09:07","modified_gmt":"2026-03-05T10:09:07","slug":"descargas","status":"publish","type":"page","link":"https:\/\/www.camping-lamarmotte.com\/es\/telechargements\/","title":{"rendered":"Descargas"},"content":{"rendered":"<div class=\"wp-block-stackable-columns stk-block-columns stk-block stk-dcc64a0\" data-block-id=\"dcc64a0\"><div class=\"stk-row stk-inner-blocks stk-block-content stk-content-align stk-dcc64a0-column\">\n<div class=\"wp-block-stackable-column stk-block-column stk-column stk-block stk-5e3c918\" data-v=\"4\" data-block-id=\"5e3c918\"><div class=\"stk-column-wrapper stk-block-column__content stk-container stk-5e3c918-container stk--no-background stk--no-padding\"><div class=\"stk-block-content stk-inner-blocks stk-5e3c918-inner-blocks\">\n<div class=\"wp-block-stackable-button-group stk-block-button-group stk-block stk-a498db5\" data-block-id=\"a498db5\"><style>.stk-a498db5 {margin-bottom:1px !important;}<\/style><div class=\"stk-row stk-inner-blocks has-text-align-center stk-block-content stk-button-group\">\n<div class=\"wp-block-stackable-icon-button stk-block-icon-button stk-block stk-98e2f0c\" data-block-id=\"98e2f0c\"><style>.stk-98e2f0c .stk-button{background:var(--stk-global-color-67777, #34bdef) !important;}.stk-98e2f0c .stk-button .stk--inner-svg svg:last-child{height:47px !important;width:47px !important;}<\/style><a class=\"stk-link stk-button stk--hover-effect-darken\" href=\"https:\/\/www.camping-lamarmotte.com\/wp-content\/uploads\/2026\/03\/Plan-camping-2026-nouveau.pdf\"><span class=\"stk--svg-wrapper\"><div class=\"stk--inner-svg\"><svg xmlns=\"http:\/\/www.w3.org\/2000\/svg\" viewbox=\"0 0 512 512\" aria-hidden=\"true\" width=\"32\" height=\"32\"><path d=\"M288 32c0-17.7-14.3-32-32-32s-32 14.3-32 32V274.7l-73.4-73.4c-12.5-12.5-32.8-12.5-45.3 0s-12.5 32.8 0 45.3l128 128c12.5 12.5 32.8 12.5 45.3 0l128-128c12.5-12.5 12.5-32.8 0-45.3s-32.8-12.5-45.3 0L288 274.7V32zM64 352c-35.3 0-64 28.7-64 64v32c0 35.3 28.7 64 64 64H448c35.3 0 64-28.7 64-64V416c0-35.3-28.7-64-64-64H346.5l-45.3 45.3c-25 25-65.5 25-90.5 0L165.5 352H64zm368 56a24 24 0 1 1 0 48 24 24 0 1 1 0-48z\"\/><\/svg><\/div><\/span><\/a><\/div>\n<\/div><\/div>\n\n\n\n<p class=\"has-text-align-center\" data-block-type=\"core\">Mapa del camping<\/p>\n<\/div><a class=\"stk-link stk-block-link stk--transparent-overlay\" href=\"https:\/\/www.camping-lamarmotte.com\/wp-content\/uploads\/2026\/03\/Plan-camping-2026-nouveau.pdf\" aria-hidden=\"true\" tabindex=\"-1\" target=\"_blank\" rel=\"noreferrer noopener\"><\/a><\/div><\/div>\n\n\n\n<div class=\"wp-block-stackable-column stk-block-column stk-column stk-block stk-05c7a39\" data-v=\"4\" data-block-id=\"05c7a39\"><div class=\"stk-column-wrapper stk-block-column__content stk-container stk-05c7a39-container stk--no-background stk--no-padding\"><div class=\"stk-block-content stk-inner-blocks stk-05c7a39-inner-blocks\">\n<div class=\"wp-block-stackable-button-group stk-block-button-group stk-block stk-71b3460\" data-block-id=\"71b3460\"><style>.stk-71b3460 {margin-bottom:1px !important;}<\/style><div class=\"stk-row stk-inner-blocks has-text-align-center stk-block-content stk-button-group\">\n<div class=\"wp-block-stackable-icon-button stk-block-icon-button stk-block stk-9319ead\" data-block-id=\"9319ead\"><style>.stk-9319ead .stk-button{background:var(--stk-global-color-67777, #34bdef) !important;}.stk-9319ead .stk-button .stk--inner-svg svg:last-child{height:47px !important;width:47px !important;}<\/style><a class=\"stk-link stk-button stk--hover-effect-darken\" href=\"https:\/\/www.camping-lamarmotte.com\/wp-content\/uploads\/2025\/05\/PLAN-2025_compressed.pdf\"><span class=\"stk--svg-wrapper\"><div class=\"stk--inner-svg\"><svg xmlns=\"http:\/\/www.w3.org\/2000\/svg\" viewbox=\"0 0 512 512\" aria-hidden=\"true\" width=\"32\" height=\"32\"><path d=\"M288 32c0-17.7-14.3-32-32-32s-32 14.3-32 32V274.7l-73.4-73.4c-12.5-12.5-32.8-12.5-45.3 0s-12.5 32.8 0 45.3l128 128c12.5 12.5 32.8 12.5 45.3 0l128-128c12.5-12.5 12.5-32.8 0-45.3s-32.8-12.5-45.3 0L288 274.7V32zM64 352c-35.3 0-64 28.7-64 64v32c0 35.3 28.7 64 64 64H448c35.3 0 64-28.7 64-64V416c0-35.3-28.7-64-64-64H346.5l-45.3 45.3c-25 25-65.5 25-90.5 0L165.5 352H64zm368 56a24 24 0 1 1 0 48 24 24 0 1 1 0-48z\"\/><\/svg><\/div><\/span><\/a><\/div>\n<\/div><\/div>\n\n\n\n<p class=\"has-text-align-center\" data-block-type=\"core\">Folleto del camping<\/p>\n<\/div><a class=\"stk-link stk-block-link stk--transparent-overlay\" href=\"https:\/\/www.camping-lamarmotte.com\/wp-content\/uploads\/2025\/08\/LIVRET-ACCUEIL-MARMOTTE-2025-4_1803.pdf\" aria-hidden=\"true\" tabindex=\"-1\" target=\"_blank\" rel=\"noreferrer noopener\"><\/a><\/div><\/div>\n\n\n\n<div class=\"wp-block-stackable-column stk-block-column stk-column stk-block stk-ff89893\" data-v=\"4\" data-block-id=\"ff89893\"><div class=\"stk-column-wrapper stk-block-column__content stk-container stk-ff89893-container stk--no-background stk--no-padding\"><div class=\"stk-block-content stk-inner-blocks stk-ff89893-inner-blocks\">\n<div class=\"wp-block-stackable-button-group stk-block-button-group stk-block stk-077bb8d\" data-block-id=\"077bb8d\"><style>.stk-077bb8d {margin-bottom:1px !important;}<\/style><div class=\"stk-row stk-inner-blocks has-text-align-center stk-block-content stk-button-group\">\n<div class=\"wp-block-stackable-icon-button stk-block-icon-button stk-block stk-961a58a\" data-block-id=\"961a58a\"><style>.stk-961a58a .stk-button{background:var(--stk-global-color-67777, #34bdef) !important;}.stk-961a58a .stk-button .stk--inner-svg svg:last-child{height:47px !important;width:47px !important;}<\/style><a class=\"stk-link stk-button stk--hover-effect-darken\" href=\"https:\/\/www.camping-lamarmotte.com\/wp-content\/uploads\/2026\/03\/CGV-CAMPING-LA-MARMOTTE-2025-2026.pdf\" target=\"_blank\" rel=\"noreferrer noopener\"><span class=\"stk--svg-wrapper\"><div class=\"stk--inner-svg\"><svg xmlns=\"http:\/\/www.w3.org\/2000\/svg\" viewbox=\"0 0 512 512\" aria-hidden=\"true\" width=\"32\" height=\"32\"><path d=\"M288 32c0-17.7-14.3-32-32-32s-32 14.3-32 32V274.7l-73.4-73.4c-12.5-12.5-32.8-12.5-45.3 0s-12.5 32.8 0 45.3l128 128c12.5 12.5 32.8 12.5 45.3 0l128-128c12.5-12.5 12.5-32.8 0-45.3s-32.8-12.5-45.3 0L288 274.7V32zM64 352c-35.3 0-64 28.7-64 64v32c0 35.3 28.7 64 64 64H448c35.3 0 64-28.7 64-64V416c0-35.3-28.7-64-64-64H346.5l-45.3 45.3c-25 25-65.5 25-90.5 0L165.5 352H64zm368 56a24 24 0 1 1 0 48 24 24 0 1 1 0-48z\"\/><\/svg><\/div><\/span><\/a><\/div>\n<\/div><\/div>\n\n\n\n<p class=\"has-text-align-center\" data-block-type=\"core\">CONDICIONES GENERALES<\/p>\n<\/div><a class=\"stk-link stk-block-link stk--transparent-overlay\" href=\"https:\/\/www.camping-lamarmotte.com\/wp-content\/uploads\/2026\/03\/CGV-CAMPING-LA-MARMOTTE-2025-2026.pdf\" aria-hidden=\"true\" tabindex=\"-1\" target=\"_blank\" rel=\"noreferrer noopener\"><\/a><\/div><\/div>\n<\/div><\/div>","protected":false},"excerpt":{"rendered":"<p>Plan du camping Borchure du camping CGV<\/p>","protected":false},"author":1,"featured_media":839,"parent":0,"menu_order":0,"comment_status":"closed","ping_status":"closed","template":"","meta":{"_acf_changed":false,"_seopress_robots_primary_cat":"","_seopress_titles_title":"T\u00e9l\u00e9chargements - camping La Marmotte","_seopress_titles_desc":"Documents \u00e0 t\u00e9l\u00e9charger avant votre s\u00e9jour au camping la Marmotte","_seopress_robots_index":"","_vp_format_video_url":"","_vp_image_focal_point":[],"footnotes":""},"class_list":["post-8983","page","type-page","status-publish","has-post-thumbnail","hentry"],"acf":[],"_links":{"self":[{"href":"https:\/\/www.camping-lamarmotte.com\/es\/wp-json\/wp\/v2\/pages\/8983","targetHints":{"allow":["GET"]}}],"collection":[{"href":"https:\/\/www.camping-lamarmotte.com\/es\/wp-json\/wp\/v2\/pages"}],"about":[{"href":"https:\/\/www.camping-lamarmotte.com\/es\/wp-json\/wp\/v2\/types\/page"}],"author":[{"embeddable":true,"href":"https:\/\/www.camping-lamarmotte.com\/es\/wp-json\/wp\/v2\/users\/1"}],"replies":[{"embeddable":true,"href":"https:\/\/www.camping-lamarmotte.com\/es\/wp-json\/wp\/v2\/comments?post=8983"}],"version-history":[{"count":6,"href":"https:\/\/www.camping-lamarmotte.com\/es\/wp-json\/wp\/v2\/pages\/8983\/revisions"}],"predecessor-version":[{"id":23377,"href":"https:\/\/www.camping-lamarmotte.com\/es\/wp-json\/wp\/v2\/pages\/8983\/revisions\/23377"}],"wp:featuredmedia":[{"embeddable":true,"href":"https:\/\/www.camping-lamarmotte.com\/es\/wp-json\/wp\/v2\/media\/839"}],"wp:attachment":[{"href":"https:\/\/www.camping-lamarmotte.com\/es\/wp-json\/wp\/v2\/media?parent=8983"}],"curies":[{"name":"wp","href":"https:\/\/api.w.org\/{rel}","templated":true}]}}