{"id":25114,"date":"2026-03-30T15:54:52","date_gmt":"2026-03-30T13:54:52","guid":{"rendered":"https:\/\/www.camping-lamarmotte.com\/?page_id=25114"},"modified":"2026-04-22T12:13:13","modified_gmt":"2026-04-22T10:13:13","slug":"guias-mini-de-experiencias","status":"publish","type":"page","link":"https:\/\/www.camping-lamarmotte.com\/es\/mini-guides-dexperiences\/","title":{"rendered":"Mini-gu\u00edas de experimentos"},"content":{"rendered":"<div class=\"wp-block-query is-layout-flow wp-block-query-is-layout-flow\" data-block-type=\"core\"><ul class=\"wp-block-post-template is-layout-flow wp-block-post-template-is-layout-flow\" data-block-type=\"core\"><li class=\"wp-block-post post-26689 post type-post status-publish format-standard has-post-thumbnail hentry category-uncategorized\">\n\n<div class=\"wp-block-columns are-vertically-aligned-center is-layout-flex wp-container-core-columns-is-layout-28f84493 wp-block-columns-is-layout-flex\" data-block-type=\"core\">\n<div class=\"wp-block-column is-vertically-aligned-center is-layout-flow wp-block-column-is-layout-flow\" style=\"flex-basis:25%\" data-block-type=\"core\"><figure class=\"wp-block-post-featured-image\" data-block-type=\"core\"><a href=\"https:\/\/www.camping-lamarmotte.com\/es\/2026\/04\/22\/cure-thermale-a-ax-les-thermes\/\" target=\"_self\"  ><img loading=\"lazy\" decoding=\"async\" width=\"1000\" height=\"667\" src=\"https:\/\/www.camping-lamarmotte.com\/wp-content\/uploads\/2026\/04\/person-practicing-cold-exposure-metabolism_resultat.webp\" class=\"attachment-post-thumbnail size-post-thumbnail wp-post-image\" alt=\"Cura termal en Ax-les-Thermes: Disfruta de una estancia de relax en un camping de 4 estrellas\" style=\"object-fit:cover;\" srcset=\"https:\/\/www.camping-lamarmotte.com\/wp-content\/uploads\/2026\/04\/person-practicing-cold-exposure-metabolism_resultat.webp 1000w, https:\/\/www.camping-lamarmotte.com\/wp-content\/uploads\/2026\/04\/person-practicing-cold-exposure-metabolism_resultat-300x200.webp 300w, https:\/\/www.camping-lamarmotte.com\/wp-content\/uploads\/2026\/04\/person-practicing-cold-exposure-metabolism_resultat-768x512.webp 768w, https:\/\/www.camping-lamarmotte.com\/wp-content\/uploads\/2026\/04\/person-practicing-cold-exposure-metabolism_resultat-18x12.webp 18w, https:\/\/www.camping-lamarmotte.com\/wp-content\/uploads\/2026\/04\/person-practicing-cold-exposure-metabolism_resultat-500x334.webp 500w, https:\/\/www.camping-lamarmotte.com\/wp-content\/uploads\/2026\/04\/person-practicing-cold-exposure-metabolism_resultat-800x534.webp 800w\" sizes=\"auto, (max-width: 1000px) 100vw, 1000px\" \/><\/a><\/figure><\/div>\n\n\n\n<div class=\"wp-block-column is-vertically-aligned-center is-layout-flow wp-block-column-is-layout-flow\" style=\"flex-basis:75%\" data-block-type=\"core\"><h2 class=\"wp-block-post-title\" data-block-type=\"core\"><a href=\"https:\/\/www.camping-lamarmotte.com\/es\/2026\/04\/22\/cure-thermale-a-ax-les-thermes\/\" target=\"_self\" >Cura termal en Ax-les-Thermes: Disfruta de una estancia de relax en un camping de 4 estrellas<\/a><\/h2><\/div>\n<\/div>\n\n<\/li><li class=\"wp-block-post post-25104 post type-post status-publish format-standard has-post-thumbnail hentry category-uncategorized\">\n\n<div class=\"wp-block-columns are-vertically-aligned-center is-layout-flex wp-container-core-columns-is-layout-28f84493 wp-block-columns-is-layout-flex\" data-block-type=\"core\">\n<div class=\"wp-block-column is-vertically-aligned-center is-layout-flow wp-block-column-is-layout-flow\" style=\"flex-basis:25%\" data-block-type=\"core\"><figure class=\"wp-block-post-featured-image\" data-block-type=\"core\"><a href=\"https:\/\/www.camping-lamarmotte.com\/es\/2026\/03\/30\/sejour-ski-a-ax-3-domaines\/\" target=\"_self\"  ><img loading=\"lazy\" decoding=\"async\" width=\"732\" height=\"489\" src=\"https:\/\/www.camping-lamarmotte.com\/wp-content\/uploads\/2026\/03\/Aude_Caballero_ADT09_0010326_BD_resultat.webp\" class=\"attachment-post-thumbnail size-post-thumbnail wp-post-image\" alt=\"Estancia de esqu\u00ed en Ax 3 Domaines: \u00bfPor qu\u00e9 elegir el Camping La Marmotte para tus vacaciones de invierno?\" style=\"object-fit:cover;\" srcset=\"https:\/\/www.camping-lamarmotte.com\/wp-content\/uploads\/2026\/03\/Aude_Caballero_ADT09_0010326_BD_resultat.webp 732w, https:\/\/www.camping-lamarmotte.com\/wp-content\/uploads\/2026\/03\/Aude_Caballero_ADT09_0010326_BD_resultat-300x200.webp 300w, https:\/\/www.camping-lamarmotte.com\/wp-content\/uploads\/2026\/03\/Aude_Caballero_ADT09_0010326_BD_resultat-18x12.webp 18w, https:\/\/www.camping-lamarmotte.com\/wp-content\/uploads\/2026\/03\/Aude_Caballero_ADT09_0010326_BD_resultat-500x334.webp 500w\" sizes=\"auto, (max-width: 732px) 100vw, 732px\" \/><\/a><\/figure><\/div>\n\n\n\n<div class=\"wp-block-column is-vertically-aligned-center is-layout-flow wp-block-column-is-layout-flow\" style=\"flex-basis:75%\" data-block-type=\"core\"><h2 class=\"wp-block-post-title\" data-block-type=\"core\"><a href=\"https:\/\/www.camping-lamarmotte.com\/es\/2026\/03\/30\/sejour-ski-a-ax-3-domaines\/\" target=\"_self\" >Estancia de esqu\u00ed en Ax 3 Domaines: \u00bfPor qu\u00e9 elegir el Camping La Marmotte para tus vacaciones de invierno?<\/a><\/h2><\/div>\n<\/div>\n\n<\/li><\/ul><\/div>\n\n\n\n<p data-block-type=\"core\"><\/p>","protected":false},"excerpt":{"rendered":"","protected":false},"author":1,"featured_media":1027,"parent":0,"menu_order":0,"comment_status":"closed","ping_status":"closed","template":"","meta":{"_acf_changed":false,"_seopress_robots_primary_cat":"","_seopress_titles_title":"Mini-guides d'Activit\u00e9s en Ari\u00e8ge - Camping La Marmotte","_seopress_titles_desc":"Explorez l'Ari\u00e8ge avec nos mini-guides d'exp\u00e9riences ! Randonn\u00e9es, ski et nature autour du Camping La Marmotte. Pr\u00e9parez vos vacances.","_seopress_robots_index":"","_vp_format_video_url":"","_vp_image_focal_point":[],"footnotes":""},"class_list":["post-25114","page","type-page","status-publish","has-post-thumbnail","hentry"],"acf":[],"_links":{"self":[{"href":"https:\/\/www.camping-lamarmotte.com\/es\/wp-json\/wp\/v2\/pages\/25114","targetHints":{"allow":["GET"]}}],"collection":[{"href":"https:\/\/www.camping-lamarmotte.com\/es\/wp-json\/wp\/v2\/pages"}],"about":[{"href":"https:\/\/www.camping-lamarmotte.com\/es\/wp-json\/wp\/v2\/types\/page"}],"author":[{"embeddable":true,"href":"https:\/\/www.camping-lamarmotte.com\/es\/wp-json\/wp\/v2\/users\/1"}],"replies":[{"embeddable":true,"href":"https:\/\/www.camping-lamarmotte.com\/es\/wp-json\/wp\/v2\/comments?post=25114"}],"version-history":[{"count":2,"href":"https:\/\/www.camping-lamarmotte.com\/es\/wp-json\/wp\/v2\/pages\/25114\/revisions"}],"predecessor-version":[{"id":26699,"href":"https:\/\/www.camping-lamarmotte.com\/es\/wp-json\/wp\/v2\/pages\/25114\/revisions\/26699"}],"wp:featuredmedia":[{"embeddable":true,"href":"https:\/\/www.camping-lamarmotte.com\/es\/wp-json\/wp\/v2\/media\/1027"}],"wp:attachment":[{"href":"https:\/\/www.camping-lamarmotte.com\/es\/wp-json\/wp\/v2\/media?parent=25114"}],"curies":[{"name":"wp","href":"https:\/\/api.w.org\/{rel}","templated":true}]}}