{"id":1090,"date":"2025-02-20T12:11:01","date_gmt":"2025-02-20T11:11:01","guid":{"rendered":"https:\/\/www.camping-lamarmotte.com\/?page_id=1090"},"modified":"2026-03-29T12:03:42","modified_gmt":"2026-03-29T10:03:42","slug":"medio-dia-de-adrenalina","status":"publish","type":"page","link":"https:\/\/www.camping-lamarmotte.com\/es\/carnet-de-vacances-ariege\/demi-journee-adrenaline\/","title":{"rendered":"Adrenalina medio d\u00eda"},"content":{"rendered":"<div class=\"wp-block-stackable-columns alignwide stk-block-columns stk-block stk-824f854\" data-block-id=\"824f854\"><style>.stk-824f854 .stk--block-align-824f854{align-items:center !important;}.stk-824f854 {margin-bottom:50px !important;}.stk-824f854-column{--stk-columns-spacing:0px !important;--stk-column-gap:24px !important;}<\/style><div class=\"stk-row stk-inner-blocks stk--block-align-824f854 stk-block-content stk-content-align stk-824f854-column alignwide\">\n<div class=\"wp-block-stackable-column stk-block-column stk-column stk-block stk-4349225\" data-v=\"4\" data-block-id=\"4349225\"><div class=\"stk-column-wrapper stk-block-column__content stk-container stk-4349225-container stk--no-background stk--no-padding\"><div class=\"stk-block-content stk-inner-blocks stk-4349225-inner-blocks\">\n<div class=\"wp-block-stackable-image stk-block-image stk-block stk-df8033d\" data-block-id=\"df8033d\"><style>.stk-df8033d {box-shadow:-2px 2px 20px 6px #12121252 !important;}.stk-df8033d .stk-img-wrapper{width:100% !important;height:323px !important;}<\/style><figure><span class=\"stk-img-wrapper stk-image--shape-stretch\"><img loading=\"lazy\" decoding=\"async\" class=\"stk-img wp-image-870\" src=\"https:\/\/www.camping-lamarmotte.com\/wp-content\/uploads\/2025\/02\/canyoning2_vallee_Vicdessos_Bureau_des_Guides_Stephane_Meurisse_ADT09.jpg\" width=\"1200\" height=\"800\" alt=\"medio d\u00eda de adrenalina\" srcset=\"https:\/\/www.camping-lamarmotte.com\/wp-content\/uploads\/2025\/02\/canyoning2_vallee_Vicdessos_Bureau_des_Guides_Stephane_Meurisse_ADT09.jpg 1200w, https:\/\/www.camping-lamarmotte.com\/wp-content\/uploads\/2025\/02\/canyoning2_vallee_Vicdessos_Bureau_des_Guides_Stephane_Meurisse_ADT09-300x200.jpg 300w, https:\/\/www.camping-lamarmotte.com\/wp-content\/uploads\/2025\/02\/canyoning2_vallee_Vicdessos_Bureau_des_Guides_Stephane_Meurisse_ADT09-1024x683.jpg 1024w, https:\/\/www.camping-lamarmotte.com\/wp-content\/uploads\/2025\/02\/canyoning2_vallee_Vicdessos_Bureau_des_Guides_Stephane_Meurisse_ADT09-768x512.jpg 768w, https:\/\/www.camping-lamarmotte.com\/wp-content\/uploads\/2025\/02\/canyoning2_vallee_Vicdessos_Bureau_des_Guides_Stephane_Meurisse_ADT09-500x333.jpg 500w, https:\/\/www.camping-lamarmotte.com\/wp-content\/uploads\/2025\/02\/canyoning2_vallee_Vicdessos_Bureau_des_Guides_Stephane_Meurisse_ADT09-800x533.jpg 800w\" sizes=\"auto, (max-width: 1200px) 100vw, 1200px\" \/><\/span><\/figure><\/div>\n<\/div><\/div><\/div>\n\n\n\n<div class=\"wp-block-stackable-column stk-block-column stk-column stk-block stk-59364e5\" data-v=\"4\" data-block-id=\"59364e5\"><div class=\"stk-column-wrapper stk-block-column__content stk-container stk-59364e5-container stk--no-background stk--no-padding\"><div class=\"stk-block-content stk-inner-blocks stk-59364e5-inner-blocks\">\n<div class=\"wp-block-stackable-text stk-block-text stk-block stk-53f770a\" data-block-id=\"53f770a\"><style>.stk-53f770a {margin-bottom:11px !important;}.stk-53f770a .stk-block-text__text{font-size:1rem !important;}@media screen and (max-width: 1023px){.stk-53f770a .stk-block-text__text{font-size:1rem !important;}}<\/style><p class=\"stk-block-text__text\">\u00bfEst\u00e1 preparado para descargar adrenalina? Para este medio d\u00eda de adrenalina 100%, vamos a presentarle una actividad t\u00edpica de la zona.\nEl camping La Marmotte goza de una ubicaci\u00f3n ideal para practicar numerosas actividades. Una de las actividades m\u00e1s populares, que atrae a un gran n\u00famero de veraneantes cada temporada, es el barranquismo. Los valles que rodean el camping son ideales para practicar diversos deportes de aguas bravas.\nNo muy lejos del camping, encontrar\u00e1 centros de ocio gestionados por profesionales.<\/p><\/div>\n<\/div><\/div><\/div>\n<\/div><\/div>\n\n\n\n<div class=\"wp-block-stackable-columns alignwide stk-block-columns stk-block stk-f399776\" data-block-id=\"f399776\"><style>.stk-f399776 .stk--block-align-f399776{align-items:center !important;}.stk-f399776 {margin-bottom:50px !important;}.stk-f399776-column{--stk-columns-spacing:0px !important;--stk-column-gap:24px !important;}<\/style><div class=\"stk-row stk-inner-blocks stk--block-align-f399776 stk-block-content stk-content-align stk-f399776-column alignwide\">\n<div class=\"wp-block-stackable-column stk-block-column stk-column stk-block stk-52c7813\" data-v=\"4\" data-block-id=\"52c7813\"><div class=\"stk-column-wrapper stk-block-column__content stk-container stk-52c7813-container stk--no-background stk--no-padding\"><div class=\"stk-block-content stk-inner-blocks stk-52c7813-inner-blocks\">\n<div class=\"wp-block-stackable-heading stk-block-heading stk-block-heading--v2 stk-block stk-0454c17\" id=\"pret-pour-decouvrir-de-nouvelles-sensations\" data-block-id=\"0454c17\"><style>.stk-0454c17 {margin-bottom:0px !important;}.stk-0454c17 .stk-block-heading__text{font-size:2.5rem !important;color:var(--stk-global-color-14243, #e86f2a) !important;text-transform:uppercase !important;font-family:\"Changa One\", Sans-serif !important;}@media screen and (max-width: 1023px){.stk-0454c17 .stk-block-heading__text{font-size:2.5rem !important;}}<\/style><h2 class=\"stk-block-heading__text has-text-color has-text-align-left\">\u00bfListo para descubrir nuevas sensaciones?<\/h2><\/div>\n\n\n\n<div class=\"wp-block-stackable-text stk-block-text stk-block stk-f75f703\" data-block-id=\"f75f703\"><style>.stk-f75f703 {margin-bottom:11px !important;}.stk-f75f703 .stk-block-text__text{font-size:1rem !important;}@media screen and (max-width: 1023px){.stk-f75f703 .stk-block-text__text{font-size:1rem !important;}}<\/style><p class=\"stk-block-text__text\">Tardar\u00e1 10 minutos en coche en llegar a&nbsp;<strong>Ca\u00f1\u00f3n de Ari\u00e8ge Aventure<\/strong>. Ofrecemos descenso de barrancos de medio d\u00eda y de d\u00eda completo. Si es la primera vez que practica barranquismo, le recomendamos que empiece con media jornada.<br><br>No necesitar\u00e1 nada, ya que el establecimiento le proporcionar\u00e1 todo el equipo que necesite.<br><br>La actividad est\u00e1 abierta a todos, siempre que se sepa nadar.<br>Los monitores&nbsp;<strong>adaptarse a su nivel<\/strong>&nbsp;con una serie de opciones.<br>Durante esta excursi\u00f3n de medio d\u00eda, recorrer\u00e1s el cauce del r\u00edo Ari\u00e8ge. Saltando, desliz\u00e1ndote, haciendo r\u00e1pel, tirolina, nadando o caminando, practicar\u00e1s diversos ejercicios para mantenerte en movimiento.<br><br>Mientras pasea, descubrir\u00e1&nbsp;<strong>paisajes impresionantes<\/strong>. Se encontrar\u00e1 cerca de la naturaleza, en el coraz\u00f3n de rocas esculpidas por el agua. Podr\u00e1s explorar un entorno ins\u00f3lito.<br>Podr\u00e1s compartir este momento con tu familia. Crear\u00e1s&nbsp;<strong>recuerdos inolvidables<\/strong>&nbsp;de sus vacaciones en Ari\u00e8ge.<br>Despu\u00e9s de esta actividad, podr\u00e1 volver al camping, en la terraza de su mobil-home, para tomar un tentempi\u00e9.<\/p><\/div>\n<\/div><\/div><\/div>\n\n\n\n<div class=\"wp-block-stackable-column stk-block-column stk-column stk-block stk-4517fc2\" data-v=\"4\" data-block-id=\"4517fc2\"><div class=\"stk-column-wrapper stk-block-column__content stk-container stk-4517fc2-container stk--no-background stk--no-padding\"><div class=\"stk-block-content stk-inner-blocks stk-4517fc2-inner-blocks\">\n<div class=\"wp-block-stackable-image stk-block-image stk-block stk-9d0de87\" data-block-id=\"9d0de87\"><style>.stk-9d0de87 {box-shadow:-2px 2px 20px 6px #12121252 !important;}.stk-9d0de87 .stk-img-wrapper{width:100% !important;height:640px !important;}<\/style><figure><span class=\"stk-img-wrapper stk-image--shape-stretch\"><img loading=\"lazy\" decoding=\"async\" class=\"stk-img wp-image-873\" src=\"https:\/\/www.camping-lamarmotte.com\/wp-content\/uploads\/2025\/02\/canyoning_vallee_Vicdessos_Bureau_des_Guides_Stephane_Meurisse_ADT09.jpg\" width=\"1200\" height=\"800\" alt=\"medio d\u00eda de adrenalina\" srcset=\"https:\/\/www.camping-lamarmotte.com\/wp-content\/uploads\/2025\/02\/canyoning_vallee_Vicdessos_Bureau_des_Guides_Stephane_Meurisse_ADT09.jpg 1200w, https:\/\/www.camping-lamarmotte.com\/wp-content\/uploads\/2025\/02\/canyoning_vallee_Vicdessos_Bureau_des_Guides_Stephane_Meurisse_ADT09-300x200.jpg 300w, https:\/\/www.camping-lamarmotte.com\/wp-content\/uploads\/2025\/02\/canyoning_vallee_Vicdessos_Bureau_des_Guides_Stephane_Meurisse_ADT09-1024x683.jpg 1024w, https:\/\/www.camping-lamarmotte.com\/wp-content\/uploads\/2025\/02\/canyoning_vallee_Vicdessos_Bureau_des_Guides_Stephane_Meurisse_ADT09-768x512.jpg 768w, https:\/\/www.camping-lamarmotte.com\/wp-content\/uploads\/2025\/02\/canyoning_vallee_Vicdessos_Bureau_des_Guides_Stephane_Meurisse_ADT09-500x333.jpg 500w, https:\/\/www.camping-lamarmotte.com\/wp-content\/uploads\/2025\/02\/canyoning_vallee_Vicdessos_Bureau_des_Guides_Stephane_Meurisse_ADT09-800x533.jpg 800w\" sizes=\"auto, (max-width: 1200px) 100vw, 1200px\" \/><\/span><\/figure><\/div>\n<\/div><\/div><\/div>\n<\/div><\/div>","protected":false},"excerpt":{"rendered":"<p>Vous \u00eates pr\u00eats \u00e0 faire le plein de sensation ? Pour cette demi-journ\u00e9e 100% adr\u00e9naline nous allons vous faire d\u00e9couvrir une activit\u00e9 typique de la r\u00e9gion. Le camping de La Marmotte d\u00e9tient une situation id\u00e9ale qui permet aux vacanciers de pratiquer de nombreuses activit\u00e9s. L\u2019une des activit\u00e9s les plus r\u00e9put\u00e9es et qui attire chaque saison [&hellip;]<\/p>\n","protected":false},"author":1,"featured_media":1066,"parent":1127,"menu_order":0,"comment_status":"closed","ping_status":"closed","template":"","meta":{"_acf_changed":false,"_seopress_robots_primary_cat":"","_seopress_titles_title":"Exp\u00e9rience 100% adr\u00e9naline au Camping La Marmotte","_seopress_titles_desc":"En s\u00e9journant au camping La Marmotte, vous aurez un large panel d'activit\u00e9s \u00e0 pratiquer aux alentours. D\u00e9couvrez les sports en eaux vives.","_seopress_robots_index":"","_vp_format_video_url":"","_vp_image_focal_point":[],"footnotes":""},"class_list":["post-1090","page","type-page","status-publish","has-post-thumbnail","hentry"],"acf":[],"_links":{"self":[{"href":"https:\/\/www.camping-lamarmotte.com\/es\/wp-json\/wp\/v2\/pages\/1090","targetHints":{"allow":["GET"]}}],"collection":[{"href":"https:\/\/www.camping-lamarmotte.com\/es\/wp-json\/wp\/v2\/pages"}],"about":[{"href":"https:\/\/www.camping-lamarmotte.com\/es\/wp-json\/wp\/v2\/types\/page"}],"author":[{"embeddable":true,"href":"https:\/\/www.camping-lamarmotte.com\/es\/wp-json\/wp\/v2\/users\/1"}],"replies":[{"embeddable":true,"href":"https:\/\/www.camping-lamarmotte.com\/es\/wp-json\/wp\/v2\/comments?post=1090"}],"version-history":[{"count":4,"href":"https:\/\/www.camping-lamarmotte.com\/es\/wp-json\/wp\/v2\/pages\/1090\/revisions"}],"predecessor-version":[{"id":24983,"href":"https:\/\/www.camping-lamarmotte.com\/es\/wp-json\/wp\/v2\/pages\/1090\/revisions\/24983"}],"up":[{"embeddable":true,"href":"https:\/\/www.camping-lamarmotte.com\/es\/wp-json\/wp\/v2\/pages\/1127"}],"wp:featuredmedia":[{"embeddable":true,"href":"https:\/\/www.camping-lamarmotte.com\/es\/wp-json\/wp\/v2\/media\/1066"}],"wp:attachment":[{"href":"https:\/\/www.camping-lamarmotte.com\/es\/wp-json\/wp\/v2\/media?parent=1090"}],"curies":[{"name":"wp","href":"https:\/\/api.w.org\/{rel}","templated":true}]}}