{"id":1082,"date":"2025-02-20T12:08:01","date_gmt":"2025-02-20T11:08:01","guid":{"rendered":"https:\/\/www.camping-lamarmotte.com\/?page_id=1082"},"modified":"2026-03-29T12:04:29","modified_gmt":"2026-03-29T10:04:29","slug":"media-jornada-sensaciones","status":"publish","type":"page","link":"https:\/\/www.camping-lamarmotte.com\/es\/carnet-de-vacances-ariege\/demi-journee-sensations\/","title":{"rendered":"Medio d\u00eda de sensaciones"},"content":{"rendered":"<p data-block-type=\"core\"><\/p>\n\n\n\n<div class=\"wp-block-stackable-columns alignwide stk-block-columns stk-block stk-824f854\" data-block-id=\"824f854\"><style>.stk-824f854 .stk--block-align-824f854{align-items:center !important;}.stk-824f854 {margin-bottom:50px !important;}.stk-824f854-column{--stk-columns-spacing:0px !important;--stk-column-gap:24px !important;}<\/style><div class=\"stk-row stk-inner-blocks stk--block-align-824f854 stk-block-content stk-content-align stk-824f854-column alignwide\">\n<div class=\"wp-block-stackable-column stk-block-column stk-column stk-block stk-4349225\" data-v=\"4\" data-block-id=\"4349225\"><div class=\"stk-column-wrapper stk-block-column__content stk-container stk-4349225-container stk--no-background stk--no-padding\"><div class=\"stk-block-content stk-inner-blocks stk-4349225-inner-blocks\">\n<div class=\"wp-block-stackable-image stk-block-image stk-block stk-df8033d\" data-block-id=\"df8033d\"><style>.stk-df8033d {box-shadow:-2px 2px 20px 6px #12121252 !important;}.stk-df8033d .stk-img-wrapper{width:100% !important;height:616px !important;}<\/style><figure><span class=\"stk-img-wrapper stk-image--shape-stretch\"><img loading=\"lazy\" decoding=\"async\" class=\"stk-img wp-image-1086\" src=\"https:\/\/www.camping-lamarmotte.com\/wp-content\/uploads\/2025\/02\/parapente_au_Pot_de_Lers_Stephane_Meurisse_ADT09.jpg\" width=\"1200\" height=\"800\" alt=\"media jornada sensaciones\" srcset=\"https:\/\/www.camping-lamarmotte.com\/wp-content\/uploads\/2025\/02\/parapente_au_Pot_de_Lers_Stephane_Meurisse_ADT09.jpg 1200w, https:\/\/www.camping-lamarmotte.com\/wp-content\/uploads\/2025\/02\/parapente_au_Pot_de_Lers_Stephane_Meurisse_ADT09-300x200.jpg 300w, https:\/\/www.camping-lamarmotte.com\/wp-content\/uploads\/2025\/02\/parapente_au_Pot_de_Lers_Stephane_Meurisse_ADT09-1024x683.jpg 1024w, https:\/\/www.camping-lamarmotte.com\/wp-content\/uploads\/2025\/02\/parapente_au_Pot_de_Lers_Stephane_Meurisse_ADT09-768x512.jpg 768w, https:\/\/www.camping-lamarmotte.com\/wp-content\/uploads\/2025\/02\/parapente_au_Pot_de_Lers_Stephane_Meurisse_ADT09-500x333.jpg 500w, https:\/\/www.camping-lamarmotte.com\/wp-content\/uploads\/2025\/02\/parapente_au_Pot_de_Lers_Stephane_Meurisse_ADT09-800x533.jpg 800w\" sizes=\"auto, (max-width: 1200px) 100vw, 1200px\" \/><\/span><\/figure><\/div>\n<\/div><\/div><\/div>\n\n\n\n<div class=\"wp-block-stackable-column stk-block-column stk-column stk-block stk-59364e5\" data-v=\"4\" data-block-id=\"59364e5\"><div class=\"stk-column-wrapper stk-block-column__content stk-container stk-59364e5-container stk--no-background stk--no-padding\"><div class=\"stk-block-content stk-inner-blocks stk-59364e5-inner-blocks\">\n<div class=\"wp-block-stackable-text stk-block-text stk-block stk-e4dc09a\" data-block-id=\"e4dc09a\"><style>.stk-e4dc09a {margin-bottom:11px !important;}.stk-e4dc09a .stk-block-text__text{font-size:1rem !important;}@media screen and (max-width: 1023px){.stk-e4dc09a .stk-block-text__text{font-size:1rem !important;}}<\/style><p class=\"stk-block-text__text\">Prep\u00e1rese para que le suden las manos y le tiemblen las piernas. Prep\u00e1rese para descargar adrenalina. D\u00e9jese llevar por el miedo y lo desconocido para vivir una experiencia inolvidable.\nPara esta experiencia, le ofrecemos una actividad \u00fanica que atraer\u00e1 a los amantes de las emociones fuertes.<\/p><\/div>\n\n\n\n<div class=\"wp-block-stackable-heading stk-block-heading stk-block-heading--v2 stk-block stk-0454c17\" id=\"le-temps-dun-instant-mettez-vous-dans-la-peau-dun-oiseau\" data-block-id=\"0454c17\"><style>.stk-0454c17 {margin-bottom:0px !important;}.stk-0454c17 .stk-block-heading__text{font-size:2.5rem !important;color:var(--stk-global-color-14243, #e86f2a) !important;text-transform:uppercase !important;font-family:\"Changa One\", Sans-serif !important;}@media screen and (max-width: 1023px){.stk-0454c17 .stk-block-heading__text{font-size:2.5rem !important;}}<\/style><h2 class=\"stk-block-heading__text has-text-color has-text-align-left\">Ponte en la piel de un p\u00e1jaro por un momento...<\/h2><\/div>\n\n\n\n<div class=\"wp-block-stackable-text stk-block-text stk-block stk-53f770a\" data-block-id=\"53f770a\"><style>.stk-53f770a {margin-bottom:11px !important;}.stk-53f770a .stk-block-text__text{font-size:1rem !important;}@media screen and (max-width: 1023px){.stk-53f770a .stk-block-text__text{font-size:1rem !important;}}<\/style><p class=\"stk-block-text__text\">Para esta excursi\u00f3n de medio d\u00eda, le llevaremos en un trayecto de 35 minutos a \"Gypa\u00e8tes\".<br>El tiempo de un <strong>primera experiencia en parapente<\/strong>Descubra el Ari\u00e8ge como nunca antes lo hab\u00eda visto. Es sin duda la regi\u00f3n ideal para esta actividad. Sobrevuele las monta\u00f1as. Se sentir\u00e1 peque\u00f1o ante este imponente paisaje natural.<br>Adem\u00e1s de los suntuosos paisajes, podr\u00e1 experimentar <strong>sensaciones \u00fanicas<\/strong>. Antes de partir, sentir\u00e1 una mezcla de emoci\u00f3n y estr\u00e9s.<br>Despu\u00e9s de escuchar el briefing y las normas de seguridad que hay que respetar, te lanzas a la carrera por la pista para surcar los cielos.<br><em><br>Nota: las personas con miedo a las alturas no sentir\u00e1n esta sensaci\u00f3n en ning\u00fan momento.<\/em><\/p><\/div>\n<\/div><\/div><\/div>\n<\/div><\/div>\n\n\n\n<div class=\"wp-block-stackable-columns alignwide stk-block-columns stk-block stk-f399776\" data-block-id=\"f399776\"><style>.stk-f399776 .stk--block-align-f399776{align-items:center !important;}.stk-f399776 {margin-bottom:50px !important;}.stk-f399776-column{--stk-columns-spacing:0px !important;--stk-column-gap:24px !important;}<\/style><div class=\"stk-row stk-inner-blocks stk--block-align-f399776 stk-block-content stk-content-align stk-f399776-column alignwide\">\n<div class=\"wp-block-stackable-column stk-block-column stk-column stk-block stk-52c7813\" data-v=\"4\" data-block-id=\"52c7813\"><div class=\"stk-column-wrapper stk-block-column__content stk-container stk-52c7813-container stk--no-background stk--no-padding\"><div class=\"stk-block-content stk-inner-blocks stk-52c7813-inner-blocks\">\n<div class=\"wp-block-stackable-text stk-block-text stk-block stk-f75f703\" data-block-id=\"f75f703\"><style>.stk-f75f703 {margin-bottom:11px !important;}.stk-f75f703 .stk-block-text__text{font-size:1rem !important;}@media screen and (max-width: 1023px){.stk-f75f703 .stk-block-text__text{font-size:1rem !important;}}<\/style><p class=\"stk-block-text__text\">El panorama que se desplegar\u00e1 ante sus ojos le har\u00e1 olvidar por completo sus temores. D\u00e9jese llevar, su gu\u00eda es un profesional que le tranquilizar\u00e1. Su estr\u00e9s se evaporar\u00e1 y sus emociones se apoderar\u00e1n de usted.\nAbra los ojos, admire las impresionantes vistas y no lo olvide nunca.\nEl sonido del silencio le dar\u00e1 una sensaci\u00f3n de libertad y calma.\n\nPara los m\u00e1s aventureros, no dude en pedir a los cualificados y experimentados instructores que le hagan algunos trucos. Una vez de vuelta en tierra firme, necesitar\u00e1 algo de tiempo para recuperarse de sus emociones.\nUna cosa es segura, nunca olvidar\u00e1 este momento en el aire.\n\nAl final de la sesi\u00f3n, se ir\u00e1 con su certificado de vuelo en t\u00e1ndem.<\/p><\/div>\n<\/div><\/div><\/div>\n\n\n\n<div class=\"wp-block-stackable-column stk-block-column stk-column stk-block stk-4517fc2\" data-v=\"4\" data-block-id=\"4517fc2\"><div class=\"stk-column-wrapper stk-block-column__content stk-container stk-4517fc2-container stk--no-background stk--no-padding\"><div class=\"stk-block-content stk-inner-blocks stk-4517fc2-inner-blocks\">\n<div class=\"wp-block-stackable-image stk-block-image stk-block stk-9d0de87\" data-block-id=\"9d0de87\"><style>.stk-9d0de87 {box-shadow:-2px 2px 20px 6px #12121252 !important;}.stk-9d0de87 .stk-img-wrapper{width:100% !important;height:400px !important;}<\/style><figure><span class=\"stk-img-wrapper stk-image--shape-stretch\"><img loading=\"lazy\" decoding=\"async\" class=\"stk-img wp-image-1087\" src=\"https:\/\/www.camping-lamarmotte.com\/wp-content\/uploads\/2025\/02\/parapente_au_Pot_de_Lers2_Stephane_Meurisse_ADT09-1536x1024-1.jpg\" width=\"1536\" height=\"1024\" alt=\"media jornada sensaciones\" srcset=\"https:\/\/www.camping-lamarmotte.com\/wp-content\/uploads\/2025\/02\/parapente_au_Pot_de_Lers2_Stephane_Meurisse_ADT09-1536x1024-1.jpg 1536w, https:\/\/www.camping-lamarmotte.com\/wp-content\/uploads\/2025\/02\/parapente_au_Pot_de_Lers2_Stephane_Meurisse_ADT09-1536x1024-1-300x200.jpg 300w, https:\/\/www.camping-lamarmotte.com\/wp-content\/uploads\/2025\/02\/parapente_au_Pot_de_Lers2_Stephane_Meurisse_ADT09-1536x1024-1-1024x683.jpg 1024w, https:\/\/www.camping-lamarmotte.com\/wp-content\/uploads\/2025\/02\/parapente_au_Pot_de_Lers2_Stephane_Meurisse_ADT09-1536x1024-1-768x512.jpg 768w, https:\/\/www.camping-lamarmotte.com\/wp-content\/uploads\/2025\/02\/parapente_au_Pot_de_Lers2_Stephane_Meurisse_ADT09-1536x1024-1-500x333.jpg 500w, https:\/\/www.camping-lamarmotte.com\/wp-content\/uploads\/2025\/02\/parapente_au_Pot_de_Lers2_Stephane_Meurisse_ADT09-1536x1024-1-800x533.jpg 800w, https:\/\/www.camping-lamarmotte.com\/wp-content\/uploads\/2025\/02\/parapente_au_Pot_de_Lers2_Stephane_Meurisse_ADT09-1536x1024-1-1280x853.jpg 1280w\" sizes=\"auto, (max-width: 1536px) 100vw, 1536px\" \/><\/span><\/figure><\/div>\n<\/div><\/div><\/div>\n<\/div><\/div>","protected":false},"excerpt":{"rendered":"<p>Appr\u00eatez-vous \u00e0 avoir les mains moites et les jambes qui tremblent. Soyez pr\u00eat \u00e0 faire monter votre taux d\u2019adr\u00e9naline. Laissez la peur et l\u2019inconnu s\u2019emparer de vous pour vivre un moment inoubliable ! Pour cette exp\u00e9rience, nous vous proposons une activit\u00e9 unique qui plaira aux personnes en qu\u00eate de sensations. Le temps d\u2019un instant, mettez-vous [&hellip;]<\/p>\n","protected":false},"author":1,"featured_media":1088,"parent":1127,"menu_order":0,"comment_status":"closed","ping_status":"closed","template":"","meta":{"_acf_changed":false,"_seopress_robots_primary_cat":"","_seopress_titles_title":"Vivez des sensations uniques - Camping Ari\u00e8ge","_seopress_titles_desc":"Au camping   La Marmotte ****, vivez des sensations uniques. D\u00e9couvrez le bapt\u00eame de Parapente et d\u00e9couvrez des paysages exceptionnels.","_seopress_robots_index":"","_vp_format_video_url":"","_vp_image_focal_point":[],"footnotes":""},"class_list":["post-1082","page","type-page","status-publish","has-post-thumbnail","hentry"],"acf":[],"_links":{"self":[{"href":"https:\/\/www.camping-lamarmotte.com\/es\/wp-json\/wp\/v2\/pages\/1082","targetHints":{"allow":["GET"]}}],"collection":[{"href":"https:\/\/www.camping-lamarmotte.com\/es\/wp-json\/wp\/v2\/pages"}],"about":[{"href":"https:\/\/www.camping-lamarmotte.com\/es\/wp-json\/wp\/v2\/types\/page"}],"author":[{"embeddable":true,"href":"https:\/\/www.camping-lamarmotte.com\/es\/wp-json\/wp\/v2\/users\/1"}],"replies":[{"embeddable":true,"href":"https:\/\/www.camping-lamarmotte.com\/es\/wp-json\/wp\/v2\/comments?post=1082"}],"version-history":[{"count":3,"href":"https:\/\/www.camping-lamarmotte.com\/es\/wp-json\/wp\/v2\/pages\/1082\/revisions"}],"predecessor-version":[{"id":1537,"href":"https:\/\/www.camping-lamarmotte.com\/es\/wp-json\/wp\/v2\/pages\/1082\/revisions\/1537"}],"up":[{"embeddable":true,"href":"https:\/\/www.camping-lamarmotte.com\/es\/wp-json\/wp\/v2\/pages\/1127"}],"wp:featuredmedia":[{"embeddable":true,"href":"https:\/\/www.camping-lamarmotte.com\/es\/wp-json\/wp\/v2\/media\/1088"}],"wp:attachment":[{"href":"https:\/\/www.camping-lamarmotte.com\/es\/wp-json\/wp\/v2\/media?parent=1082"}],"curies":[{"name":"wp","href":"https:\/\/api.w.org\/{rel}","templated":true}]}}