{"id":8976,"date":"2025-02-27T11:46:43","date_gmt":"2025-02-27T10:46:43","guid":{"rendered":"https:\/\/www.camping-lamarmotte.com\/?page_id=8976"},"modified":"2026-03-29T11:47:49","modified_gmt":"2026-03-29T09:47:49","slug":"locations-2","status":"publish","type":"page","link":"https:\/\/www.camping-lamarmotte.com\/en\/emplacements\/","title":{"rendered":"Campsite pitches in Ari\u00e8ge"},"content":{"rendered":"<div class=\"wp-block-stackable-columns alignfull stk-block-columns stk-block stk-b072f05 stk-block-background stk--has-background-overlay\" data-block-id=\"b072f05\"><style>.stk-b072f05 {background-image:url(https:\/\/www.camping-lamarmotte.com\/wp-content\/uploads\/2025\/02\/family-4610864_1920.jpg) !important;padding-top:0px !important;padding-right:0px !important;padding-bottom:0px !important;padding-left:0px !important;margin-bottom:50px !important;}<\/style><div class=\"stk-row stk-inner-blocks stk-block-content stk-content-align stk-b072f05-column alignfull\">\n<div class=\"wp-block-stackable-column stk-block-column stk-column stk-block stk-681a3e4\" data-v=\"4\" data-block-id=\"681a3e4\"><style>.stk-681a3e4 {padding-top:0px !important;padding-right:0px !important;padding-bottom:0px !important;padding-left:0px !important;margin-top:0px !important;margin-right:0px !important;margin-bottom:0px !important;margin-left:0px !important;}.stk-681a3e4-container{background-color:#e86f2abf !important;padding-top:60px !important;padding-right:80px !important;padding-bottom:60px !important;padding-left:80px !important;}.stk-681a3e4-container:before{background-color:#e86f2abf !important;}<\/style><style class=\"stk-custom-css\">.stk-681a3e4.stk-block-column .stk-column-wrapper{margin:0px !important}<\/style><div class=\"stk-column-wrapper stk-block-column__content stk-container stk-681a3e4-container stk-hover-parent\"><div class=\"stk-block-content stk-inner-blocks stk-681a3e4-inner-blocks\">\n<div class=\"wp-block-stackable-heading stk-block-heading stk-block-heading--v2 stk-block stk-5195971\" id=\"emplacement-tentes-caravanes-camping-cars-ariege\" data-block-id=\"5195971\"><style>.stk-5195971 {margin-bottom:0px !important;}.stk-5195971 .stk-block-heading__text{font-size:2.5rem !important;color:#FFFFFF !important;text-transform:uppercase !important;font-family:\"Changa One\", Sans-serif !important;}@media screen and (max-width: 1023px){.stk-5195971 .stk-block-heading__text{font-size:2.5rem !important;}}<\/style><h3 class=\"stk-block-heading__text has-text-color has-text-align-center\">Pitches for tents, caravans and motorhomes Ari\u00e8ge<\/h3><\/div>\n\n\n\n<div class=\"wp-block-stackable-text stk-block-text stk-block stk-aee60ac\" data-block-id=\"aee60ac\"><style>.stk-aee60ac {margin-bottom:0px !important;}.stk-aee60ac .stk-block-text__text{font-size:1rem !important;color:#FFFFFF !important;}@media screen and (max-width: 1023px){.stk-aee60ac .stk-block-text__text{font-size:1rem !important;}}<\/style><p class=\"stk-block-text__text has-text-color\">Our campsite is open all year round and offers a warm welcome. <strong>superb locations<\/strong> for <strong>tents, motor homes and caravans<\/strong>Perfectly equipped for your comfort!<\/p><\/div>\n\n\n\n<p data-block-type=\"core\">\ud83d\udccd <span style=\"color: #FFFFFF;\" class=\"stk-highlight\">Spacious, well-defined pitches from 80 m\u00b2 upwards<br>\ud83c\udf33 Surrounded by greenery and close to all amenities<br>\ud83d\udebf Easy access to sanitary facilities, electricity and water<br>\ud83e\uddd8\u200d\u2642\ufe0f Calm and relaxation guaranteed<\/span><\/p>\n\n\n\n<div class=\"wp-block-stackable-text stk-block-text stk-block stk-0d2205e\" data-block-id=\"0d2205e\"><style>.stk-0d2205e {margin-bottom:0px !important;}.stk-0d2205e .stk-block-text__text{font-size:1rem !important;color:#FFFFFF !important;}@media screen and (max-width: 1023px){.stk-0d2205e .stk-block-text__text{font-size:1rem !important;}}<\/style><p class=\"stk-block-text__text has-text-color\"><strong>Services :<br><\/strong>Motor home and chemical toilet emptying<\/p><\/div>\n\n\n\n<div class=\"wp-block-stackable-columns stk-block-columns stk-block stk-ceaf394\" data-block-id=\"ceaf394\"><style>.stk-ceaf394-column{--stk-column-gap:30px !important;}<\/style><div class=\"stk-row stk-inner-blocks stk-block-content stk-content-align stk-ceaf394-column\">\n<div class=\"wp-block-stackable-column stk-block-column stk-column stk-block stk-e71b367\" data-v=\"4\" data-block-id=\"e71b367\"><div class=\"stk-column-wrapper stk-block-column__content stk-container stk-e71b367-container stk--no-background stk--no-padding\"><div class=\"stk-block-content stk-inner-blocks stk-e71b367-inner-blocks\">\n<div class=\"wp-block-stackable-image stk-block-image stk-block stk-26fa01f\" data-block-id=\"26fa01f\"><figure><span class=\"stk-img-wrapper stk-image--shape-stretch\"><img alt=\"\" loading=\"lazy\" decoding=\"async\" class=\"stk-img wp-image-11511\" src=\"https:\/\/www.camping-lamarmotte.com\/wp-content\/uploads\/2025\/05\/IMG_1776-scaled.jpeg\" width=\"2560\" height=\"1920\" srcset=\"https:\/\/www.camping-lamarmotte.com\/wp-content\/uploads\/2025\/05\/IMG_1776-scaled.jpeg 2560w, https:\/\/www.camping-lamarmotte.com\/wp-content\/uploads\/2025\/05\/IMG_1776-300x225.jpeg 300w, https:\/\/www.camping-lamarmotte.com\/wp-content\/uploads\/2025\/05\/IMG_1776-1024x768.jpeg 1024w, https:\/\/www.camping-lamarmotte.com\/wp-content\/uploads\/2025\/05\/IMG_1776-768x576.jpeg 768w, https:\/\/www.camping-lamarmotte.com\/wp-content\/uploads\/2025\/05\/IMG_1776-1536x1152.jpeg 1536w, https:\/\/www.camping-lamarmotte.com\/wp-content\/uploads\/2025\/05\/IMG_1776-2048x1536.jpeg 2048w, https:\/\/www.camping-lamarmotte.com\/wp-content\/uploads\/2025\/05\/IMG_1776-16x12.jpeg 16w, https:\/\/www.camping-lamarmotte.com\/wp-content\/uploads\/2025\/05\/IMG_1776-500x375.jpeg 500w, https:\/\/www.camping-lamarmotte.com\/wp-content\/uploads\/2025\/05\/IMG_1776-800x600.jpeg 800w, https:\/\/www.camping-lamarmotte.com\/wp-content\/uploads\/2025\/05\/IMG_1776-1280x960.jpeg 1280w, https:\/\/www.camping-lamarmotte.com\/wp-content\/uploads\/2025\/05\/IMG_1776-1920x1440.jpeg 1920w\" sizes=\"auto, (max-width: 2560px) 100vw, 2560px\" \/><\/span><\/figure><\/div>\n<\/div><\/div><\/div>\n\n\n\n<div class=\"wp-block-stackable-column stk-block-column stk-column stk-block stk-1e56cc7\" data-v=\"4\" data-block-id=\"1e56cc7\"><div class=\"stk-column-wrapper stk-block-column__content stk-container stk-1e56cc7-container stk--no-background stk--no-padding\"><div class=\"stk-block-content stk-inner-blocks stk-1e56cc7-inner-blocks\">\n<div class=\"wp-block-stackable-image stk-block-image stk-block stk-29eb91f\" data-block-id=\"29eb91f\"><figure><span class=\"stk-img-wrapper stk-image--shape-stretch\"><img alt=\"\" loading=\"lazy\" decoding=\"async\" class=\"stk-img wp-image-11508\" src=\"https:\/\/www.camping-lamarmotte.com\/wp-content\/uploads\/2025\/05\/IMG_1780-scaled.jpeg\" width=\"2560\" height=\"1920\" srcset=\"https:\/\/www.camping-lamarmotte.com\/wp-content\/uploads\/2025\/05\/IMG_1780-scaled.jpeg 2560w, https:\/\/www.camping-lamarmotte.com\/wp-content\/uploads\/2025\/05\/IMG_1780-300x225.jpeg 300w, https:\/\/www.camping-lamarmotte.com\/wp-content\/uploads\/2025\/05\/IMG_1780-1024x768.jpeg 1024w, https:\/\/www.camping-lamarmotte.com\/wp-content\/uploads\/2025\/05\/IMG_1780-768x576.jpeg 768w, https:\/\/www.camping-lamarmotte.com\/wp-content\/uploads\/2025\/05\/IMG_1780-1536x1152.jpeg 1536w, https:\/\/www.camping-lamarmotte.com\/wp-content\/uploads\/2025\/05\/IMG_1780-2048x1536.jpeg 2048w, https:\/\/www.camping-lamarmotte.com\/wp-content\/uploads\/2025\/05\/IMG_1780-16x12.jpeg 16w, https:\/\/www.camping-lamarmotte.com\/wp-content\/uploads\/2025\/05\/IMG_1780-500x375.jpeg 500w, https:\/\/www.camping-lamarmotte.com\/wp-content\/uploads\/2025\/05\/IMG_1780-800x600.jpeg 800w, https:\/\/www.camping-lamarmotte.com\/wp-content\/uploads\/2025\/05\/IMG_1780-1280x960.jpeg 1280w, https:\/\/www.camping-lamarmotte.com\/wp-content\/uploads\/2025\/05\/IMG_1780-1920x1440.jpeg 1920w\" sizes=\"auto, (max-width: 2560px) 100vw, 2560px\" \/><\/span><\/figure><\/div>\n<\/div><\/div><\/div>\n<\/div><\/div>\n<\/div><\/div><\/div>\n<\/div><\/div>\n\n\n\n<div class=\"wp-block-stackable-heading stk-block-heading stk-block-heading--v2 stk-block stk-d53df4b\" id=\"tarifs-amp-disponibilites\" data-block-id=\"d53df4b\"><style>.stk-d53df4b .stk-block-heading__text{color:var(--stk-global-color-14243, #e86f2a) !important;}<\/style><h2 class=\"stk-block-heading__text has-text-color has-text-align-center\">Rates &amp; availability<\/h2><\/div>\n\n\n\n<div class=\"wp-block-stackable-columns alignwide stk-block-columns stk-block stk-2317104\" data-block-id=\"2317104\"><div class=\"stk-row stk-inner-blocks stk-block-content stk-content-align stk-2317104-column alignwide\">\n<div class=\"wp-block-stackable-column stk-block-column stk-column stk-block stk-0659a96\" data-v=\"4\" data-block-id=\"0659a96\"><div class=\"stk-column-wrapper stk-block-column__content stk-container stk-0659a96-container stk--no-background stk--no-padding\"><div class=\"stk-block-content stk-inner-blocks stk-0659a96-inner-blocks\">\n<ctv-availability data-product-type=\"pitch\" data-background-color=\"#FFFFFFFF\" ><\/ctv-availability>\n<\/div><\/div><\/div>\n<\/div><\/div>","protected":false},"excerpt":{"rendered":"<p>Emplacement tentes, caravanes, camping-cars Ari\u00e8ge Notre camping ouvert \u00e0 l&rsquo;ann\u00e9e vous accueille avec de superbes emplacements pour tentes, camping-cars et caravanes, parfaitement am\u00e9nag\u00e9s pour votre confort ! \ud83d\udccd Emplacements spacieux et bien d\u00e9limit\u00e9s \u00e0 partir de 80 m\u00b2\ud83c\udf33 Entour\u00e9s de verdure et proches de toutes les commodit\u00e9s\ud83d\udebf Acc\u00e8s facile aux sanitaires, \u00e0 l\u2019\u00e9lectricit\u00e9 et \u00e0 [&hellip;]<\/p>\n","protected":false},"author":1,"featured_media":11508,"parent":0,"menu_order":0,"comment_status":"closed","ping_status":"closed","template":"","meta":{"_acf_changed":false,"_seopress_robots_primary_cat":"","_seopress_titles_title":"R\u00e9servez un emplacement au camping la Marmotte","_seopress_titles_desc":"Emplacements pour tente, caravane ou camping car, vous trouverez tout ce dont vous avez besoin au camping la Marmotte","_seopress_robots_index":"","_vp_format_video_url":"","_vp_image_focal_point":[],"footnotes":""},"class_list":["post-8976","page","type-page","status-publish","has-post-thumbnail","hentry"],"acf":[],"_links":{"self":[{"href":"https:\/\/www.camping-lamarmotte.com\/en\/wp-json\/wp\/v2\/pages\/8976","targetHints":{"allow":["GET"]}}],"collection":[{"href":"https:\/\/www.camping-lamarmotte.com\/en\/wp-json\/wp\/v2\/pages"}],"about":[{"href":"https:\/\/www.camping-lamarmotte.com\/en\/wp-json\/wp\/v2\/types\/page"}],"author":[{"embeddable":true,"href":"https:\/\/www.camping-lamarmotte.com\/en\/wp-json\/wp\/v2\/users\/1"}],"replies":[{"embeddable":true,"href":"https:\/\/www.camping-lamarmotte.com\/en\/wp-json\/wp\/v2\/comments?post=8976"}],"version-history":[{"count":9,"href":"https:\/\/www.camping-lamarmotte.com\/en\/wp-json\/wp\/v2\/pages\/8976\/revisions"}],"predecessor-version":[{"id":24973,"href":"https:\/\/www.camping-lamarmotte.com\/en\/wp-json\/wp\/v2\/pages\/8976\/revisions\/24973"}],"wp:featuredmedia":[{"embeddable":true,"href":"https:\/\/www.camping-lamarmotte.com\/en\/wp-json\/wp\/v2\/media\/11508"}],"wp:attachment":[{"href":"https:\/\/www.camping-lamarmotte.com\/en\/wp-json\/wp\/v2\/media?parent=8976"}],"curies":[{"name":"wp","href":"https:\/\/api.w.org\/{rel}","templated":true}]}}