{"id":8971,"date":"2025-02-27T11:35:38","date_gmt":"2025-02-27T10:35:38","guid":{"rendered":"https:\/\/www.camping-lamarmotte.com\/?page_id=8971"},"modified":"2026-03-29T10:18:02","modified_gmt":"2026-03-29T08:18:02","slug":"group-formula","status":"publish","type":"page","link":"https:\/\/www.camping-lamarmotte.com\/en\/formule-groupe\/","title":{"rendered":"Group package"},"content":{"rendered":"<div class=\"wp-block-stackable-columns alignfull stk-block-columns stk-block stk-b072f05 stk-block-background stk--has-background-overlay\" data-block-id=\"b072f05\"><style>.stk-b072f05 {background-image:url(https:\/\/www.camping-lamarmotte.com\/wp-content\/uploads\/2025\/02\/family-4610864_1920.jpg) !important;padding-top:0px !important;padding-right:0px !important;padding-bottom:0px !important;padding-left:0px !important;margin-bottom:50px !important;}<\/style><div class=\"stk-row stk-inner-blocks stk-block-content stk-content-align stk-b072f05-column alignfull\">\n<div class=\"wp-block-stackable-column stk-block-column stk-column stk-block stk-681a3e4\" data-v=\"4\" data-block-id=\"681a3e4\"><style>.stk-681a3e4 {padding-top:0px !important;padding-right:0px !important;padding-bottom:0px !important;padding-left:0px !important;margin-top:0px !important;margin-right:0px !important;margin-bottom:0px !important;margin-left:0px !important;}.stk-681a3e4-container{background-color:#e86f2abf !important;padding-top:60px !important;padding-right:80px !important;padding-bottom:60px !important;padding-left:80px !important;}.stk-681a3e4-container:before{background-color:#e86f2abf !important;}<\/style><style class=\"stk-custom-css\">.stk-681a3e4.stk-block-column .stk-column-wrapper{margin:0px !important}<\/style><div class=\"stk-column-wrapper stk-block-column__content stk-container stk-681a3e4-container stk-hover-parent\"><div class=\"stk-block-content stk-inner-blocks stk-681a3e4-inner-blocks\">\n<div class=\"wp-block-stackable-heading stk-block-heading stk-block-heading--v2 stk-block stk-5195971\" id=\"accueil\" data-block-id=\"5195971\"><style>.stk-5195971 {margin-bottom:0px !important;}.stk-5195971 .stk-block-heading__text{font-size:2.5rem !important;color:#FFFFFF !important;text-transform:uppercase !important;font-family:\"Changa One\", Sans-serif !important;}@media screen and (max-width: 1023px){.stk-5195971 .stk-block-heading__text{font-size:2.5rem !important;}}<\/style><h3 class=\"stk-block-heading__text has-text-color has-text-align-center\">Home<\/h3><\/div>\n\n\n\n<div class=\"wp-block-stackable-text stk-block-text stk-block stk-8b1da53\" data-block-id=\"8b1da53\"><style>.stk-8b1da53 .stk-block-text__text{font-size:3rem !important;color:#FFFFFF !important;font-family:\"Cookie\", Sans-serif !important;}@media screen and (max-width: 1023px){.stk-8b1da53 .stk-block-text__text{font-size:3rem !important;}}<\/style><p class=\"stk-block-text__text has-text-color has-text-align-center\">group<\/p><\/div>\n\n\n\n<div class=\"wp-block-stackable-text stk-block-text stk-block stk-3383ebf\" data-block-id=\"3383ebf\"><style>.stk-3383ebf .stk-block-text__text{color:#FFFFFF !important;}<\/style><p class=\"stk-block-text__text has-text-color\">At Camping La Marmotte we offer group packages.<br>We can accommodate up to 280 people.<br>Come and enjoy our services and facilities in complete safety!<\/p><\/div>\n\n\n\n<div class=\"wp-block-stackable-text stk-block-text stk-block stk-9f86000\" data-block-id=\"9f86000\"><style>.stk-9f86000 .stk-block-text__text{color:#FFFFFF !important;}<\/style><p class=\"stk-block-text__text has-text-color\">Prices and quotations are available on request or by filling in the form: <a href=\"https:\/\/docs.google.com\/forms\/d\/e\/1FAIpQLSfZW3_BqNB4WMq59jH8MVV2bRVpNLQuk0PJbKJr8a1gPlKdwA\/viewform?usp=header\">https:\/\/docs.google.com\/forms\/d\/e\/1FAIpQLSfZW3_BqNB4WMq59jH8MVV2bRVpNLQuk0PJbKJr8a1gPlKdwA\/viewform?usp=header<\/a>.<\/p><\/div>\n<\/div><\/div><\/div>\n\n\n\n<div class=\"wp-block-stackable-column stk-block-column stk-column stk-block stk-b3ebc83\" data-v=\"4\" data-block-id=\"b3ebc83\"><style>.stk-b3ebc83 {padding-top:141px !important;}<\/style><div class=\"stk-column-wrapper stk-block-column__content stk-container stk-b3ebc83-container stk--no-background stk--no-padding\"><div class=\"stk-block-content stk-inner-blocks stk-b3ebc83-inner-blocks\"><\/div><\/div><\/div>\n<\/div><\/div>","protected":false},"excerpt":{"rendered":"<p>Accueil groupe Au Camping La Marmotte nous vous proposons des formules groupe.Nous pouvons accueillir jusqu\u2019\u00e0 280 personnes.Venez profiter de nos services et \u00e9quipements en toute s\u00e9curit\u00e9 ! Tarifs et devis communiqu\u00e9s sur demande ou en remplissant le formulaire : https:\/\/docs.google.com\/forms\/d\/e\/1FAIpQLSfZW3_BqNB4WMq59jH8MVV2bRVpNLQuk0PJbKJr8a1gPlKdwA\/viewform?usp=header.<\/p>","protected":false},"author":1,"featured_media":838,"parent":0,"menu_order":0,"comment_status":"closed","ping_status":"closed","template":"","meta":{"_acf_changed":false,"_seopress_robots_primary_cat":"","_seopress_titles_title":"D\u00e9couvrez la Formule groupe","_seopress_titles_desc":"Au camping la Marmotte, nous vous proposons l'accueil de groupe, en \u00e9t\u00e9 comme en hiver. D\u00e9couvrez les offres","_seopress_robots_index":"","_vp_format_video_url":"","_vp_image_focal_point":[],"footnotes":""},"class_list":["post-8971","page","type-page","status-publish","has-post-thumbnail","hentry"],"acf":[],"_links":{"self":[{"href":"https:\/\/www.camping-lamarmotte.com\/en\/wp-json\/wp\/v2\/pages\/8971","targetHints":{"allow":["GET"]}}],"collection":[{"href":"https:\/\/www.camping-lamarmotte.com\/en\/wp-json\/wp\/v2\/pages"}],"about":[{"href":"https:\/\/www.camping-lamarmotte.com\/en\/wp-json\/wp\/v2\/types\/page"}],"author":[{"embeddable":true,"href":"https:\/\/www.camping-lamarmotte.com\/en\/wp-json\/wp\/v2\/users\/1"}],"replies":[{"embeddable":true,"href":"https:\/\/www.camping-lamarmotte.com\/en\/wp-json\/wp\/v2\/comments?post=8971"}],"version-history":[{"count":6,"href":"https:\/\/www.camping-lamarmotte.com\/en\/wp-json\/wp\/v2\/pages\/8971\/revisions"}],"predecessor-version":[{"id":15331,"href":"https:\/\/www.camping-lamarmotte.com\/en\/wp-json\/wp\/v2\/pages\/8971\/revisions\/15331"}],"wp:featuredmedia":[{"embeddable":true,"href":"https:\/\/www.camping-lamarmotte.com\/en\/wp-json\/wp\/v2\/media\/838"}],"wp:attachment":[{"href":"https:\/\/www.camping-lamarmotte.com\/en\/wp-json\/wp\/v2\/media?parent=8971"}],"curies":[{"name":"wp","href":"https:\/\/api.w.org\/{rel}","templated":true}]}}