{"id":1090,"date":"2025-02-20T12:11:01","date_gmt":"2025-02-20T11:11:01","guid":{"rendered":"https:\/\/www.camping-lamarmotte.com\/?page_id=1090"},"modified":"2026-03-29T12:03:42","modified_gmt":"2026-03-29T10:03:42","slug":"adrenaline-half-day","status":"publish","type":"page","link":"https:\/\/www.camping-lamarmotte.com\/en\/carnet-de-vacances-ariege\/demi-journee-adrenaline\/","title":{"rendered":"Adrenalin half-day"},"content":{"rendered":"<div class=\"wp-block-stackable-columns alignwide stk-block-columns stk-block stk-824f854\" data-block-id=\"824f854\"><style>.stk-824f854 .stk--block-align-824f854{align-items:center !important;}.stk-824f854 {margin-bottom:50px !important;}.stk-824f854-column{--stk-columns-spacing:0px !important;--stk-column-gap:24px !important;}<\/style><div class=\"stk-row stk-inner-blocks stk--block-align-824f854 stk-block-content stk-content-align stk-824f854-column alignwide\">\n<div class=\"wp-block-stackable-column stk-block-column stk-column stk-block stk-4349225\" data-v=\"4\" data-block-id=\"4349225\"><div class=\"stk-column-wrapper stk-block-column__content stk-container stk-4349225-container stk--no-background stk--no-padding\"><div class=\"stk-block-content stk-inner-blocks stk-4349225-inner-blocks\">\n<div class=\"wp-block-stackable-image stk-block-image stk-block stk-df8033d\" data-block-id=\"df8033d\"><style>.stk-df8033d {box-shadow:-2px 2px 20px 6px #12121252 !important;}.stk-df8033d .stk-img-wrapper{width:100% !important;height:323px !important;}<\/style><figure><span class=\"stk-img-wrapper stk-image--shape-stretch\"><img loading=\"lazy\" decoding=\"async\" class=\"stk-img wp-image-870\" src=\"https:\/\/www.camping-lamarmotte.com\/wp-content\/uploads\/2025\/02\/canyoning2_vallee_Vicdessos_Bureau_des_Guides_Stephane_Meurisse_ADT09.jpg\" width=\"1200\" height=\"800\" alt=\"adrenalin half-day\" srcset=\"https:\/\/www.camping-lamarmotte.com\/wp-content\/uploads\/2025\/02\/canyoning2_vallee_Vicdessos_Bureau_des_Guides_Stephane_Meurisse_ADT09.jpg 1200w, https:\/\/www.camping-lamarmotte.com\/wp-content\/uploads\/2025\/02\/canyoning2_vallee_Vicdessos_Bureau_des_Guides_Stephane_Meurisse_ADT09-300x200.jpg 300w, https:\/\/www.camping-lamarmotte.com\/wp-content\/uploads\/2025\/02\/canyoning2_vallee_Vicdessos_Bureau_des_Guides_Stephane_Meurisse_ADT09-1024x683.jpg 1024w, https:\/\/www.camping-lamarmotte.com\/wp-content\/uploads\/2025\/02\/canyoning2_vallee_Vicdessos_Bureau_des_Guides_Stephane_Meurisse_ADT09-768x512.jpg 768w, https:\/\/www.camping-lamarmotte.com\/wp-content\/uploads\/2025\/02\/canyoning2_vallee_Vicdessos_Bureau_des_Guides_Stephane_Meurisse_ADT09-500x333.jpg 500w, https:\/\/www.camping-lamarmotte.com\/wp-content\/uploads\/2025\/02\/canyoning2_vallee_Vicdessos_Bureau_des_Guides_Stephane_Meurisse_ADT09-800x533.jpg 800w\" sizes=\"auto, (max-width: 1200px) 100vw, 1200px\" \/><\/span><\/figure><\/div>\n<\/div><\/div><\/div>\n\n\n\n<div class=\"wp-block-stackable-column stk-block-column stk-column stk-block stk-59364e5\" data-v=\"4\" data-block-id=\"59364e5\"><div class=\"stk-column-wrapper stk-block-column__content stk-container stk-59364e5-container stk--no-background stk--no-padding\"><div class=\"stk-block-content stk-inner-blocks stk-59364e5-inner-blocks\">\n<div class=\"wp-block-stackable-text stk-block-text stk-block stk-53f770a\" data-block-id=\"53f770a\"><style>.stk-53f770a {margin-bottom:11px !important;}.stk-53f770a .stk-block-text__text{font-size:1rem !important;}@media screen and (max-width: 1023px){.stk-53f770a .stk-block-text__text{font-size:1rem !important;}}<\/style><p class=\"stk-block-text__text\">Are you ready to get your adrenaline pumping? For this 100% adrenalin half-day, we're going to introduce you to a typical local activity.\nLa Marmotte campsite is ideally situated for a wide range of activities. One of the most popular activities, which attracts large numbers of holidaymakers every season, is canyoning. The valleys around the campsite are ideal for a variety of white-water sports.\nNot far from the campsite, you'll find leisure centres run by professionals.<\/p><\/div>\n<\/div><\/div><\/div>\n<\/div><\/div>\n\n\n\n<div class=\"wp-block-stackable-columns alignwide stk-block-columns stk-block stk-f399776\" data-block-id=\"f399776\"><style>.stk-f399776 .stk--block-align-f399776{align-items:center !important;}.stk-f399776 {margin-bottom:50px !important;}.stk-f399776-column{--stk-columns-spacing:0px !important;--stk-column-gap:24px !important;}<\/style><div class=\"stk-row stk-inner-blocks stk--block-align-f399776 stk-block-content stk-content-align stk-f399776-column alignwide\">\n<div class=\"wp-block-stackable-column stk-block-column stk-column stk-block stk-52c7813\" data-v=\"4\" data-block-id=\"52c7813\"><div class=\"stk-column-wrapper stk-block-column__content stk-container stk-52c7813-container stk--no-background stk--no-padding\"><div class=\"stk-block-content stk-inner-blocks stk-52c7813-inner-blocks\">\n<div class=\"wp-block-stackable-heading stk-block-heading stk-block-heading--v2 stk-block stk-0454c17\" id=\"pret-pour-decouvrir-de-nouvelles-sensations\" data-block-id=\"0454c17\"><style>.stk-0454c17 {margin-bottom:0px !important;}.stk-0454c17 .stk-block-heading__text{font-size:2.5rem !important;color:var(--stk-global-color-14243, #e86f2a) !important;text-transform:uppercase !important;font-family:\"Changa One\", Sans-serif !important;}@media screen and (max-width: 1023px){.stk-0454c17 .stk-block-heading__text{font-size:2.5rem !important;}}<\/style><h2 class=\"stk-block-heading__text has-text-color has-text-align-left\">Ready to discover new sensations?<\/h2><\/div>\n\n\n\n<div class=\"wp-block-stackable-text stk-block-text stk-block stk-f75f703\" data-block-id=\"f75f703\"><style>.stk-f75f703 {margin-bottom:11px !important;}.stk-f75f703 .stk-block-text__text{font-size:1rem !important;}@media screen and (max-width: 1023px){.stk-f75f703 .stk-block-text__text{font-size:1rem !important;}}<\/style><p class=\"stk-block-text__text\">It will take you 10 minutes by car to get to&nbsp;<strong>Ari\u00e8ge Canyon Aventure<\/strong>. We offer half-day and full-day canyoning. If you're new to canyoning, we recommend starting with a half-day.<br><br>You won't need anything, as the establishment will provide you with all the equipment you need.<br><br>The activity is open to all, as long as you know how to swim.<br>The monitors&nbsp;<strong>adapt to your level<\/strong>&nbsp;with a range of options.<br>During this half-day trip, you'll make your way along the Ari\u00e8ge riverbed. Jumping, sliding, abseiling, zip-lining, swimming or walking, you'll practise a variety of exercises to keep you moving.<br><br>As you stroll along, you will discover&nbsp;<strong>breathtaking landscapes<\/strong>. You'll find yourself close to nature, in the heart of rocks sculpted by water. You'll be able to explore an unusual environment.<br>You can share this moment with your family. You'll create&nbsp;<strong>unforgettable memories<\/strong>&nbsp;of your holiday in Ari\u00e8ge.<br>After this activity, you can return to the campsite, on the terrace of your mobile home, for a light snack.m.<\/p><\/div>\n<\/div><\/div><\/div>\n\n\n\n<div class=\"wp-block-stackable-column stk-block-column stk-column stk-block stk-4517fc2\" data-v=\"4\" data-block-id=\"4517fc2\"><div class=\"stk-column-wrapper stk-block-column__content stk-container stk-4517fc2-container stk--no-background stk--no-padding\"><div class=\"stk-block-content stk-inner-blocks stk-4517fc2-inner-blocks\">\n<div class=\"wp-block-stackable-image stk-block-image stk-block stk-9d0de87\" data-block-id=\"9d0de87\"><style>.stk-9d0de87 {box-shadow:-2px 2px 20px 6px #12121252 !important;}.stk-9d0de87 .stk-img-wrapper{width:100% !important;height:640px !important;}<\/style><figure><span class=\"stk-img-wrapper stk-image--shape-stretch\"><img loading=\"lazy\" decoding=\"async\" class=\"stk-img wp-image-873\" src=\"https:\/\/www.camping-lamarmotte.com\/wp-content\/uploads\/2025\/02\/canyoning_vallee_Vicdessos_Bureau_des_Guides_Stephane_Meurisse_ADT09.jpg\" width=\"1200\" height=\"800\" alt=\"adrenalin half-day\" srcset=\"https:\/\/www.camping-lamarmotte.com\/wp-content\/uploads\/2025\/02\/canyoning_vallee_Vicdessos_Bureau_des_Guides_Stephane_Meurisse_ADT09.jpg 1200w, https:\/\/www.camping-lamarmotte.com\/wp-content\/uploads\/2025\/02\/canyoning_vallee_Vicdessos_Bureau_des_Guides_Stephane_Meurisse_ADT09-300x200.jpg 300w, https:\/\/www.camping-lamarmotte.com\/wp-content\/uploads\/2025\/02\/canyoning_vallee_Vicdessos_Bureau_des_Guides_Stephane_Meurisse_ADT09-1024x683.jpg 1024w, https:\/\/www.camping-lamarmotte.com\/wp-content\/uploads\/2025\/02\/canyoning_vallee_Vicdessos_Bureau_des_Guides_Stephane_Meurisse_ADT09-768x512.jpg 768w, https:\/\/www.camping-lamarmotte.com\/wp-content\/uploads\/2025\/02\/canyoning_vallee_Vicdessos_Bureau_des_Guides_Stephane_Meurisse_ADT09-500x333.jpg 500w, https:\/\/www.camping-lamarmotte.com\/wp-content\/uploads\/2025\/02\/canyoning_vallee_Vicdessos_Bureau_des_Guides_Stephane_Meurisse_ADT09-800x533.jpg 800w\" sizes=\"auto, (max-width: 1200px) 100vw, 1200px\" \/><\/span><\/figure><\/div>\n<\/div><\/div><\/div>\n<\/div><\/div>","protected":false},"excerpt":{"rendered":"<p>Vous \u00eates pr\u00eats \u00e0 faire le plein de sensation ? Pour cette demi-journ\u00e9e 100% adr\u00e9naline nous allons vous faire d\u00e9couvrir une activit\u00e9 typique de la r\u00e9gion. Le camping de La Marmotte d\u00e9tient une situation id\u00e9ale qui permet aux vacanciers de pratiquer de nombreuses activit\u00e9s. L\u2019une des activit\u00e9s les plus r\u00e9put\u00e9es et qui attire chaque saison [&hellip;]<\/p>\n","protected":false},"author":1,"featured_media":1066,"parent":1127,"menu_order":0,"comment_status":"closed","ping_status":"closed","template":"","meta":{"_acf_changed":false,"_seopress_robots_primary_cat":"","_seopress_titles_title":"Exp\u00e9rience 100% adr\u00e9naline au Camping La Marmotte","_seopress_titles_desc":"En s\u00e9journant au camping La Marmotte, vous aurez un large panel d'activit\u00e9s \u00e0 pratiquer aux alentours. D\u00e9couvrez les sports en eaux vives.","_seopress_robots_index":"","_vp_format_video_url":"","_vp_image_focal_point":[],"footnotes":""},"class_list":["post-1090","page","type-page","status-publish","has-post-thumbnail","hentry"],"acf":[],"_links":{"self":[{"href":"https:\/\/www.camping-lamarmotte.com\/en\/wp-json\/wp\/v2\/pages\/1090","targetHints":{"allow":["GET"]}}],"collection":[{"href":"https:\/\/www.camping-lamarmotte.com\/en\/wp-json\/wp\/v2\/pages"}],"about":[{"href":"https:\/\/www.camping-lamarmotte.com\/en\/wp-json\/wp\/v2\/types\/page"}],"author":[{"embeddable":true,"href":"https:\/\/www.camping-lamarmotte.com\/en\/wp-json\/wp\/v2\/users\/1"}],"replies":[{"embeddable":true,"href":"https:\/\/www.camping-lamarmotte.com\/en\/wp-json\/wp\/v2\/comments?post=1090"}],"version-history":[{"count":4,"href":"https:\/\/www.camping-lamarmotte.com\/en\/wp-json\/wp\/v2\/pages\/1090\/revisions"}],"predecessor-version":[{"id":24983,"href":"https:\/\/www.camping-lamarmotte.com\/en\/wp-json\/wp\/v2\/pages\/1090\/revisions\/24983"}],"up":[{"embeddable":true,"href":"https:\/\/www.camping-lamarmotte.com\/en\/wp-json\/wp\/v2\/pages\/1127"}],"wp:featuredmedia":[{"embeddable":true,"href":"https:\/\/www.camping-lamarmotte.com\/en\/wp-json\/wp\/v2\/media\/1066"}],"wp:attachment":[{"href":"https:\/\/www.camping-lamarmotte.com\/en\/wp-json\/wp\/v2\/media?parent=1090"}],"curies":[{"name":"wp","href":"https:\/\/api.w.org\/{rel}","templated":true}]}}