{"id":1075,"date":"2025-02-20T11:54:44","date_gmt":"2025-02-20T10:54:44","guid":{"rendered":"https:\/\/www.camping-lamarmotte.com\/?page_id=1075"},"modified":"2026-03-29T11:57:26","modified_gmt":"2026-03-29T09:57:26","slug":"as-the-water-flows","status":"publish","type":"page","link":"https:\/\/www.camping-lamarmotte.com\/en\/carnet-de-vacances-ariege\/au-fil-de-leau\/","title":{"rendered":"As the water flows"},"content":{"rendered":"<div class=\"wp-block-stackable-columns alignwide stk-block-columns stk-block stk-824f854\" data-block-id=\"824f854\"><style>.stk-824f854 .stk--block-align-824f854{align-items:center !important;}.stk-824f854 {margin-top:48px !important;margin-bottom:50px !important;}.stk-824f854-column{--stk-columns-spacing:0px !important;--stk-column-gap:24px !important;}<\/style><div class=\"stk-row stk-inner-blocks stk--block-align-824f854 stk-block-content stk-content-align stk-824f854-column alignwide\">\n<div class=\"wp-block-stackable-column stk-block-column stk-column stk-block stk-4349225\" data-v=\"4\" data-block-id=\"4349225\"><div class=\"stk-column-wrapper stk-block-column__content stk-container stk-4349225-container stk--no-background stk--no-padding\"><div class=\"stk-block-content stk-inner-blocks stk-4349225-inner-blocks\">\n<div class=\"wp-block-stackable-image stk-block-image stk-block stk-df8033d\" data-block-id=\"df8033d\"><style>.stk-df8033d {box-shadow:-2px 2px 20px 6px #12121252 !important;}.stk-df8033d .stk-img-wrapper{width:100% !important;height:718px !important;}<\/style><figure><span class=\"stk-img-wrapper stk-image--shape-stretch\"><img loading=\"lazy\" decoding=\"async\" class=\"stk-img wp-image-1078\" src=\"https:\/\/www.camping-lamarmotte.com\/wp-content\/uploads\/2025\/02\/father-son-happy-fathers-day-Personnalise.jpg\" width=\"2000\" height=\"1333\" alt=\"trout fishing \" srcset=\"https:\/\/www.camping-lamarmotte.com\/wp-content\/uploads\/2025\/02\/father-son-happy-fathers-day-Personnalise.jpg 2000w, https:\/\/www.camping-lamarmotte.com\/wp-content\/uploads\/2025\/02\/father-son-happy-fathers-day-Personnalise-300x200.jpg 300w, https:\/\/www.camping-lamarmotte.com\/wp-content\/uploads\/2025\/02\/father-son-happy-fathers-day-Personnalise-1024x682.jpg 1024w, https:\/\/www.camping-lamarmotte.com\/wp-content\/uploads\/2025\/02\/father-son-happy-fathers-day-Personnalise-768x512.jpg 768w, https:\/\/www.camping-lamarmotte.com\/wp-content\/uploads\/2025\/02\/father-son-happy-fathers-day-Personnalise-1536x1024.jpg 1536w, https:\/\/www.camping-lamarmotte.com\/wp-content\/uploads\/2025\/02\/father-son-happy-fathers-day-Personnalise-500x333.jpg 500w, https:\/\/www.camping-lamarmotte.com\/wp-content\/uploads\/2025\/02\/father-son-happy-fathers-day-Personnalise-800x533.jpg 800w, https:\/\/www.camping-lamarmotte.com\/wp-content\/uploads\/2025\/02\/father-son-happy-fathers-day-Personnalise-1280x853.jpg 1280w, https:\/\/www.camping-lamarmotte.com\/wp-content\/uploads\/2025\/02\/father-son-happy-fathers-day-Personnalise-1920x1280.jpg 1920w\" sizes=\"auto, (max-width: 2000px) 100vw, 2000px\" \/><\/span><\/figure><\/div>\n<\/div><\/div><\/div>\n\n\n\n<div class=\"wp-block-stackable-column stk-block-column stk-column stk-block stk-59364e5\" data-v=\"4\" data-block-id=\"59364e5\"><div class=\"stk-column-wrapper stk-block-column__content stk-container stk-59364e5-container stk--no-background stk--no-padding\"><div class=\"stk-block-content stk-inner-blocks stk-59364e5-inner-blocks\">\n<div class=\"wp-block-stackable-text stk-block-text stk-block stk-e4dc09a\" data-block-id=\"e4dc09a\"><style>.stk-e4dc09a {margin-bottom:11px !important;}.stk-e4dc09a .stk-block-text__text{font-size:1rem !important;}@media screen and (max-width: 1023px){.stk-e4dc09a .stk-block-text__text{font-size:1rem !important;}}<\/style><p class=\"stk-block-text__text\">For this half-day trip, we're offering you an activity that's well-known in the region.\nRest assured, there are no thrills here. On the contrary, we're offering you a relaxing 100% activity that will let you enjoy nature and peace and quiet. Alone or with the family, you'll enjoy all the benefits of this sport.<\/p><\/div>\n\n\n\n<div class=\"wp-block-stackable-heading stk-block-heading stk-block-heading--v2 stk-block stk-99e6eca\" id=\"pour-la-mise-en-bouche-matinale-direction-la-strong-riviere-souterraine-de-labouiche-strong\" data-block-id=\"99e6eca\"><style>.stk-99e6eca {margin-bottom:0px !important;}.stk-99e6eca .stk-block-heading__text{font-size:2.5rem !important;color:var(--stk-global-color-14243, #e86f2a) !important;text-transform:uppercase !important;font-family:\"Changa One\", Sans-serif !important;}@media screen and (max-width: 1023px){.stk-99e6eca .stk-block-heading__text{font-size:2.5rem !important;}}<\/style><h2 class=\"stk-block-heading__text has-text-color has-text-align-left\">On the road to trout fishing<\/h2><\/div>\n\n\n\n<div class=\"wp-block-stackable-text stk-block-text stk-block stk-4269243\" data-block-id=\"4269243\"><style>.stk-4269243 {margin-bottom:11px !important;}.stk-4269243 .stk-block-text__text{font-size:1rem !important;}@media screen and (max-width: 1023px){.stk-4269243 .stk-block-text__text{font-size:1rem !important;}}<\/style><p class=\"stk-block-text__text\">Whether you're a beginner or an amateur, you'll have no trouble enjoying this activity. In fact, the <strong>Ari\u00e8ge river <\/strong>has an abundant fish population.<br>You won't have to drive far to get to the fishing spot. In the commune of Savignac les Ormeaux, you'll find a pond where you can relax. All you need to do to get there is take a small road near the campsite. Of course, you can also get there on foot.<\/p><\/div>\n\n\n\n<div class=\"wp-block-stackable-text stk-block-text stk-block stk-a324667 stk-block-background\" data-block-id=\"a324667\"><style>.stk-a324667 {background-color:#e8702a21 !important;margin-bottom:11px !important;}.stk-a324667:before{background-color:#e8702a21 !important;}.stk-a324667 .stk-block-text__text{font-size:1rem !important;}@media screen and (max-width: 1023px){.stk-a324667 .stk-block-text__text{font-size:1rem !important;}}<\/style><p class=\"stk-block-text__text\"><em><strong>Good to know:<br><\/strong>To make this morning a success, you need to be well prepared.<br>Bring good shoes.<br>Don't forget to bring a cap, as sunstroke can happen very quickly.<br>Bring a picnic. Tables and benches are available on site.<\/em><\/p><\/div>\n\n\n\n<div class=\"wp-block-stackable-text stk-block-text stk-block stk-53db8f6\" data-block-id=\"53db8f6\"><style>.stk-53db8f6 {margin-bottom:11px !important;}.stk-53db8f6 .stk-block-text__text{font-size:1rem !important;}@media screen and (max-width: 1023px){.stk-53db8f6 .stk-block-text__text{font-size:1rem !important;}}<\/style><p class=\"stk-block-text__text\">Before you leave, don't forget your fishing licence: on sale at the campsite reception. You have two options:<br>- Weekly fishing pass<br>- Daily fishing pass<br><br>After this stage, you'll be ready to cast your rod into the rushing waters of the Ari\u00e8ge.<br>A maximum of 5 trout per person is allowed.<\/p><\/div>\n<\/div><\/div><\/div>\n<\/div><\/div>\n\n\n\n<div class=\"wp-block-stackable-columns alignwide stk-block-columns stk-block stk-f399776\" data-block-id=\"f399776\"><style>.stk-f399776 .stk--block-align-f399776{align-items:center !important;}.stk-f399776 {margin-bottom:0px !important;}.stk-f399776-column{--stk-columns-spacing:0px !important;--stk-column-gap:24px !important;}<\/style><div class=\"stk-row stk-inner-blocks stk--block-align-f399776 stk-block-content stk-content-align stk-f399776-column alignwide\">\n<div class=\"wp-block-stackable-column stk-block-column stk-column stk-block stk-52c7813\" data-v=\"4\" data-block-id=\"52c7813\"><div class=\"stk-column-wrapper stk-block-column__content stk-container stk-52c7813-container stk--no-background stk--no-padding\"><div class=\"stk-block-content stk-inner-blocks stk-52c7813-inner-blocks\">\n<div class=\"wp-block-stackable-heading stk-block-heading stk-block-heading--v2 stk-block stk-07e7f55\" id=\"pour-la-mise-en-bouche-matinale-direction-la-strong-riviere-souterraine-de-labouiche-strong\" data-block-id=\"07e7f55\"><style>.stk-07e7f55 {margin-bottom:0px !important;}.stk-07e7f55 .stk-block-heading__text{font-size:2.5rem !important;color:var(--stk-global-color-14243, #e86f2a) !important;text-transform:uppercase !important;font-family:\"Changa One\", Sans-serif !important;}@media screen and (max-width: 1023px){.stk-07e7f55 .stk-block-heading__text{font-size:2.5rem !important;}}<\/style><h2 class=\"stk-block-heading__text has-text-color has-text-align-left\">Whether your morning was fruitful or not, you deserve your meal!<\/h2><\/div>\n\n\n\n<div class=\"wp-block-stackable-text stk-block-text stk-block stk-f75f703\" data-block-id=\"f75f703\"><style>.stk-f75f703 {margin-bottom:23px !important;}.stk-f75f703 .stk-block-text__text{font-size:1rem !important;}@media screen and (max-width: 1023px){.stk-f75f703 .stk-block-text__text{font-size:1rem !important;}}<\/style><p class=\"stk-block-text__text\">Sit down on a bench and enjoy the peace and quiet that surrounds you as you share this moment.<\/p><\/div>\n<\/div><\/div><\/div>\n\n\n\n<div class=\"wp-block-stackable-column stk-block-column stk-column stk-block stk-4517fc2\" data-v=\"4\" data-block-id=\"4517fc2\"><div class=\"stk-column-wrapper stk-block-column__content stk-container stk-4517fc2-container stk--no-background stk--no-padding\"><div class=\"stk-block-content stk-inner-blocks stk-4517fc2-inner-blocks\">\n<div class=\"wp-block-stackable-image stk-block-image stk-block stk-9d0de87\" data-block-id=\"9d0de87\"><style>.stk-9d0de87 {box-shadow:-2px 2px 20px 6px #12121252 !important;}.stk-9d0de87 .stk-img-wrapper{width:100% !important;height:583px !important;}<\/style><figure><span class=\"stk-img-wrapper stk-image--shape-stretch\"><img loading=\"lazy\" decoding=\"async\" class=\"stk-img wp-image-1079\" src=\"https:\/\/www.camping-lamarmotte.com\/wp-content\/uploads\/2025\/02\/les-Ctangs-13-1.jpg1_-1-1.jpg\" width=\"800\" height=\"532\" alt=\"picnic near the pond\" srcset=\"https:\/\/www.camping-lamarmotte.com\/wp-content\/uploads\/2025\/02\/les-Ctangs-13-1.jpg1_-1-1.jpg 800w, https:\/\/www.camping-lamarmotte.com\/wp-content\/uploads\/2025\/02\/les-Ctangs-13-1.jpg1_-1-1-300x200.jpg 300w, https:\/\/www.camping-lamarmotte.com\/wp-content\/uploads\/2025\/02\/les-Ctangs-13-1.jpg1_-1-1-768x511.jpg 768w, https:\/\/www.camping-lamarmotte.com\/wp-content\/uploads\/2025\/02\/les-Ctangs-13-1.jpg1_-1-1-500x333.jpg 500w\" sizes=\"auto, (max-width: 800px) 100vw, 800px\" \/><\/span><\/figure><\/div>\n<\/div><\/div><\/div>\n<\/div><\/div>\n\n\n\n<p data-block-type=\"core\"><\/p>","protected":false},"excerpt":{"rendered":"<p>Pour cette demi-journ\u00e9e nous vous proposons une activit\u00e9 connue dans la r\u00e9gion. Rassurez-vous, ici pas de sensations fortes. Au contraire, nous vous proposons une activit\u00e9 100% d\u00e9tente qui vous permettra de profiter de la nature et du calme. Seul ou en famille, vous profiterez de tous les bienfaits que procure ce sport. En route pour [&hellip;]<\/p>\n","protected":false},"author":1,"featured_media":1081,"parent":1127,"menu_order":0,"comment_status":"closed","ping_status":"closed","template":"","meta":{"_acf_changed":false,"_seopress_robots_primary_cat":"","_seopress_titles_title":"D\u00e9couvrez cette aventure au fil de l'eau","_seopress_titles_desc":"Passez une demi journ\u00e9e au fil de l'eau pr\u00e8s de votre camping la Marmotte \u00e0 Ax les Thermes","_seopress_robots_index":"","_vp_format_video_url":"","_vp_image_focal_point":[],"footnotes":""},"class_list":["post-1075","page","type-page","status-publish","has-post-thumbnail","hentry"],"acf":[],"_links":{"self":[{"href":"https:\/\/www.camping-lamarmotte.com\/en\/wp-json\/wp\/v2\/pages\/1075","targetHints":{"allow":["GET"]}}],"collection":[{"href":"https:\/\/www.camping-lamarmotte.com\/en\/wp-json\/wp\/v2\/pages"}],"about":[{"href":"https:\/\/www.camping-lamarmotte.com\/en\/wp-json\/wp\/v2\/types\/page"}],"author":[{"embeddable":true,"href":"https:\/\/www.camping-lamarmotte.com\/en\/wp-json\/wp\/v2\/users\/1"}],"replies":[{"embeddable":true,"href":"https:\/\/www.camping-lamarmotte.com\/en\/wp-json\/wp\/v2\/comments?post=1075"}],"version-history":[{"count":8,"href":"https:\/\/www.camping-lamarmotte.com\/en\/wp-json\/wp\/v2\/pages\/1075\/revisions"}],"predecessor-version":[{"id":24978,"href":"https:\/\/www.camping-lamarmotte.com\/en\/wp-json\/wp\/v2\/pages\/1075\/revisions\/24978"}],"up":[{"embeddable":true,"href":"https:\/\/www.camping-lamarmotte.com\/en\/wp-json\/wp\/v2\/pages\/1127"}],"wp:featuredmedia":[{"embeddable":true,"href":"https:\/\/www.camping-lamarmotte.com\/en\/wp-json\/wp\/v2\/media\/1081"}],"wp:attachment":[{"href":"https:\/\/www.camping-lamarmotte.com\/en\/wp-json\/wp\/v2\/media?parent=1075"}],"curies":[{"name":"wp","href":"https:\/\/api.w.org\/{rel}","templated":true}]}}